{"id":1554,"date":"2026-02-27T15:26:20","date_gmt":"2026-02-27T15:26:20","guid":{"rendered":"https:\/\/powermediaservices.net\/?post_type=product&#038;p=1554"},"modified":"2026-04-03T18:25:25","modified_gmt":"2026-04-03T18:25:25","slug":"negocios-con-proposito-vol-1-por-patricia-lara-ladd","status":"publish","type":"product","link":"https:\/\/powermediaservices.net\/es\/producto\/negocios-con-proposito-vol-1-por-patricia-lara-ladd\/","title":{"rendered":"NEGOCIOS CON PROP\u00d3SITO VOL 1 POR Patricia Lara Ladd"},"content":{"rendered":"<h2>Product details<\/h2>\n<div id=\"detailBullets_feature_div\">\n<ul class=\"a-unordered-list a-nostyle a-vertical a-spacing-none detail-bullet-list\">\n<li><span class=\"a-list-item\"><span class=\"a-text-bold\">Publisher \u200f : \u200e\u00a0<\/span>Independently published<\/span><\/li>\n<li><span class=\"a-list-item\"><span class=\"a-text-bold\">Publication date \u200f : \u200e\u00a0<\/span>April 30, 2025<\/span><\/li>\n<li><span class=\"a-list-item\"><span class=\"a-text-bold\">Language \u200f : \u200e\u00a0<\/span>Spanish<\/span><\/li>\n<li><span class=\"a-list-item\"><span class=\"a-text-bold\">Print length \u200f : \u200e\u00a0<\/span>176 pages<\/span><\/li>\n<li><span class=\"a-list-item\"><span class=\"a-text-bold\">ISBN-13 \u200f : \u200e\u00a0<\/span>979-8281950886<\/span><\/li>\n<li><span class=\"a-list-item\"><span class=\"a-text-bold\">Item Weight \u200f : \u200e\u00a0<\/span>11.4 ounces<\/span><\/li>\n<li><span class=\"a-list-item\"><span class=\"a-text-bold\">Dimensions \u200f : \u200e\u00a0<\/span>6 x 0.59 x 9 inches<\/span><\/li>\n<\/ul>\n<\/div>","protected":false},"excerpt":{"rendered":"<p>Patricia Lara Ladd lleg\u00f3 hasta la frontera de M\u00e9xico con solo 18 a\u00f1os, una maleta de ilusiones, y un claro prop\u00f3sito en el coraz\u00f3n. Cruz\u00f3 por Tijuana , enfrent\u00f3 el miedo, el abuso y la incertidumbre\u2026 y a\u00fan as\u00ed, sigui\u00f3 adelante.<br \/>\nEsta no es s\u00f3lo una historia sobre inmigraci\u00f3n. Es una historia sobre lo que pasa cuando el coraje se alinea con el prop\u00f3sito y cuando los negocios se convierten en un veh\u00edculo para servir a los dem\u00e1s.<br \/>\nEn estas p\u00e1ginas descubrir\u00e1s c\u00f3mo una joven que cruz\u00f3 la frontera por Tijuana, sin dinero y sin conocer el idioma, logr\u00f3 fundar una agencia premiada y ayudar a cientos de personas a lanzar sus propios negocios. Todo, sin perder su ra\u00edz, su fe y su prop\u00f3sito.<br \/>\n\u201cNegocios con Prop\u00f3sito\u201d es una autobiograf\u00eda poderosa que te inspirar\u00e1 atrav\u00e9s de vivencias conmovedoras, desaf\u00edos reales y victorias que comienzan con la fe, Patricia te muestra que todo comienza con un paso\u2026 incluso si ese paso es cruzar por Tijuana, buscando una nueva vida.<\/p>","protected":false},"featured_media":1442,"comment_status":"open","ping_status":"closed","template":"","meta":{"ocean_post_layout":"full-width","ocean_both_sidebars_style":"","ocean_both_sidebars_content_width":0,"ocean_both_sidebars_sidebars_width":0,"ocean_sidebar":"0","ocean_second_sidebar":"0","ocean_disable_margins":"enable","ocean_add_body_class":"","ocean_shortcode_before_top_bar":"","ocean_shortcode_after_top_bar":"","ocean_shortcode_before_header":"","ocean_shortcode_after_header":"","ocean_has_shortcode":"","ocean_shortcode_after_title":"","ocean_shortcode_before_footer_widgets":"","ocean_shortcode_after_footer_widgets":"","ocean_shortcode_before_footer_bottom":"","ocean_shortcode_after_footer_bottom":"","ocean_display_top_bar":"default","ocean_display_header":"default","ocean_header_style":"","ocean_center_header_left_menu":"0","ocean_custom_header_template":"0","ocean_custom_logo":0,"ocean_custom_retina_logo":0,"ocean_custom_logo_max_width":0,"ocean_custom_logo_tablet_max_width":0,"ocean_custom_logo_mobile_max_width":0,"ocean_custom_logo_max_height":0,"ocean_custom_logo_tablet_max_height":0,"ocean_custom_logo_mobile_max_height":0,"ocean_header_custom_menu":"0","ocean_menu_typo_font_family":"0","ocean_menu_typo_font_subset":"","ocean_menu_typo_font_size":0,"ocean_menu_typo_font_size_tablet":0,"ocean_menu_typo_font_size_mobile":0,"ocean_menu_typo_font_size_unit":"px","ocean_menu_typo_font_weight":"","ocean_menu_typo_font_weight_tablet":"","ocean_menu_typo_font_weight_mobile":"","ocean_menu_typo_transform":"","ocean_menu_typo_transform_tablet":"","ocean_menu_typo_transform_mobile":"","ocean_menu_typo_line_height":0,"ocean_menu_typo_line_height_tablet":0,"ocean_menu_typo_line_height_mobile":0,"ocean_menu_typo_line_height_unit":"","ocean_menu_typo_spacing":0,"ocean_menu_typo_spacing_tablet":0,"ocean_menu_typo_spacing_mobile":0,"ocean_menu_typo_spacing_unit":"","ocean_menu_link_color":"","ocean_menu_link_color_hover":"","ocean_menu_link_color_active":"","ocean_menu_link_background":"","ocean_menu_link_hover_background":"","ocean_menu_link_active_background":"","ocean_menu_social_links_bg":"","ocean_menu_social_hover_links_bg":"","ocean_menu_social_links_color":"","ocean_menu_social_hover_links_color":"","ocean_disable_title":"on","ocean_disable_heading":"default","ocean_post_title":"","ocean_post_subheading":"","ocean_post_title_style":"","ocean_post_title_background_color":"","ocean_post_title_background":0,"ocean_post_title_bg_image_position":"","ocean_post_title_bg_image_attachment":"","ocean_post_title_bg_image_repeat":"","ocean_post_title_bg_image_size":"","ocean_post_title_height":0,"ocean_post_title_bg_overlay":0.5,"ocean_post_title_bg_overlay_color":"","ocean_disable_breadcrumbs":"off","ocean_breadcrumbs_color":"","ocean_breadcrumbs_separator_color":"","ocean_breadcrumbs_links_color":"","ocean_breadcrumbs_links_hover_color":"","ocean_display_footer_widgets":"default","ocean_display_footer_bottom":"default","ocean_custom_footer_template":"0"},"product_brand":[],"product_cat":[21],"product_tag":[],"class_list":{"0":"post-1554","1":"product","2":"type-product","3":"status-publish","4":"has-post-thumbnail","6":"product_cat-libro","7":"pa_opciones-de-compra-pasta-dura","8":"pa_opciones-de-compra-pasta-suave","10":"entry","11":"has-media","13":"first","14":"instock","15":"purchasable","16":"product-type-variable","17":"has-product-nav","18":"col","19":"span_1_of_2","20":"owp-content-center","21":"owp-thumbs-layout-horizontal","22":"owp-btn-normal","23":"owp-tabs-layout-horizontal","24":"has-no-thumbnails"},"yoast_head":"<!-- This site is optimized with the Yoast SEO plugin v27.0 - https:\/\/yoast.com\/product\/yoast-seo-wordpress\/ -->\n<title>Negocios con Prop\u00f3sito \u2013 Liderazgo e Inspiraci\u00f3n para Emprendedores<\/title>\n<meta name=\"description\" content=\"Negocios con Prop\u00f3sito libro liderazgo inmigrante de Patricia Lara Ladd inspira con resiliencia y fe a emprendedores que buscan \u00e9xito con prop\u00f3sito.\" \/>\n<meta name=\"robots\" content=\"index, follow, max-snippet:-1, max-image-preview:large, max-video-preview:-1\" \/>\n<link rel=\"canonical\" href=\"https:\/\/powermediaservices.net\/es\/producto\/negocios-con-proposito-vol-1-por-patricia-lara-ladd\/\" \/>\n<meta property=\"og:locale\" content=\"es_MX\" \/>\n<meta property=\"og:type\" content=\"article\" \/>\n<meta property=\"og:title\" content=\"Negocios con Prop\u00f3sito \u2013 Liderazgo e Inspiraci\u00f3n para Emprendedores\" \/>\n<meta property=\"og:description\" content=\"Negocios con Prop\u00f3sito libro liderazgo inmigrante de Patricia Lara Ladd inspira con resiliencia y fe a emprendedores que buscan \u00e9xito con prop\u00f3sito.\" \/>\n<meta property=\"og:url\" content=\"https:\/\/powermediaservices.net\/es\/producto\/negocios-con-proposito-vol-1-por-patricia-lara-ladd\/\" \/>\n<meta property=\"og:site_name\" content=\"powermediaservices\" \/>\n<meta property=\"article:publisher\" content=\"https:\/\/www.facebook.com\/PowerMediaandAssociates\" \/>\n<meta property=\"article:modified_time\" content=\"2026-04-03T18:25:25+00:00\" \/>\n<meta property=\"og:image\" content=\"https:\/\/powermediaservices.net\/wp-content\/uploads\/2025\/08\/libro-png.jpg\" \/>\n\t<meta property=\"og:image:width\" content=\"1080\" \/>\n\t<meta property=\"og:image:height\" content=\"1350\" \/>\n\t<meta property=\"og:image:type\" content=\"image\/jpeg\" \/>\n<meta name=\"twitter:card\" content=\"summary_large_image\" \/>\n<meta name=\"twitter:label1\" content=\"Tiempo de lectura\" \/>\n\t<meta name=\"twitter:data1\" content=\"1 minuto\" \/>\n<script type=\"application\/ld+json\" class=\"yoast-schema-graph\">{\"@context\":\"https:\/\/schema.org\",\"@graph\":[{\"@type\":\"WebPage\",\"@id\":\"https:\/\/powermediaservices.net\/product\/negocios-con-proposito-vol-1-por-patricia-lara-ladd\/\",\"url\":\"https:\/\/powermediaservices.net\/product\/negocios-con-proposito-vol-1-por-patricia-lara-ladd\/\",\"name\":\"Negocios con Prop\u00f3sito \u2013 Liderazgo e Inspiraci\u00f3n para Emprendedores\",\"isPartOf\":{\"@id\":\"https:\/\/powermediaservices.net\/#website\"},\"primaryImageOfPage\":{\"@id\":\"https:\/\/powermediaservices.net\/product\/negocios-con-proposito-vol-1-por-patricia-lara-ladd\/#primaryimage\"},\"image\":{\"@id\":\"https:\/\/powermediaservices.net\/product\/negocios-con-proposito-vol-1-por-patricia-lara-ladd\/#primaryimage\"},\"thumbnailUrl\":\"https:\/\/powermediaservices.net\/wp-content\/uploads\/2025\/08\/libro-png.jpg\",\"datePublished\":\"2026-02-27T15:26:20+00:00\",\"dateModified\":\"2026-04-03T18:25:25+00:00\",\"description\":\"Negocios con Prop\u00f3sito libro liderazgo inmigrante de Patricia Lara Ladd inspira con resiliencia y fe a emprendedores que buscan \u00e9xito con prop\u00f3sito.\",\"breadcrumb\":{\"@id\":\"https:\/\/powermediaservices.net\/product\/negocios-con-proposito-vol-1-por-patricia-lara-ladd\/#breadcrumb\"},\"inLanguage\":\"es\",\"potentialAction\":[{\"@type\":\"ReadAction\",\"target\":[\"https:\/\/powermediaservices.net\/product\/negocios-con-proposito-vol-1-por-patricia-lara-ladd\/\"]}]},{\"@type\":\"ImageObject\",\"inLanguage\":\"es\",\"@id\":\"https:\/\/powermediaservices.net\/product\/negocios-con-proposito-vol-1-por-patricia-lara-ladd\/#primaryimage\",\"url\":\"https:\/\/powermediaservices.net\/wp-content\/uploads\/2025\/08\/libro-png.jpg\",\"contentUrl\":\"https:\/\/powermediaservices.net\/wp-content\/uploads\/2025\/08\/libro-png.jpg\",\"width\":1080,\"height\":1350,\"caption\":\"portada del libro de Patricia\"},{\"@type\":\"BreadcrumbList\",\"@id\":\"https:\/\/powermediaservices.net\/product\/negocios-con-proposito-vol-1-por-patricia-lara-ladd\/#breadcrumb\",\"itemListElement\":[{\"@type\":\"ListItem\",\"position\":1,\"name\":\"Home\",\"item\":\"https:\/\/powermediaservices.net\/\"},{\"@type\":\"ListItem\",\"position\":2,\"name\":\"Books\",\"item\":\"https:\/\/powermediaservices.net\/books\/\"},{\"@type\":\"ListItem\",\"position\":3,\"name\":\"NEGOCIOS CON PROP\u00d3SITO VOL 1 POR Patricia Lara Ladd\"}]},{\"@type\":\"WebSite\",\"@id\":\"https:\/\/powermediaservices.net\/#website\",\"url\":\"https:\/\/powermediaservices.net\/\",\"name\":\"powermediaservices\",\"description\":\"\",\"publisher\":{\"@id\":\"https:\/\/powermediaservices.net\/#organization\"},\"potentialAction\":[{\"@type\":\"SearchAction\",\"target\":{\"@type\":\"EntryPoint\",\"urlTemplate\":\"https:\/\/powermediaservices.net\/?s={search_term_string}\"},\"query-input\":{\"@type\":\"PropertyValueSpecification\",\"valueRequired\":true,\"valueName\":\"search_term_string\"}}],\"inLanguage\":\"es\"},{\"@type\":\"Organization\",\"@id\":\"https:\/\/powermediaservices.net\/#organization\",\"name\":\"powermediaservices\",\"url\":\"https:\/\/powermediaservices.net\/\",\"logo\":{\"@type\":\"ImageObject\",\"inLanguage\":\"es\",\"@id\":\"https:\/\/powermediaservices.net\/#\/schema\/logo\/image\/\",\"url\":\"https:\/\/powermediaservices.net\/wp-content\/uploads\/2023\/11\/Logo-pms.png\",\"contentUrl\":\"https:\/\/powermediaservices.net\/wp-content\/uploads\/2023\/11\/Logo-pms.png\",\"width\":543,\"height\":262,\"caption\":\"powermediaservices\"},\"image\":{\"@id\":\"https:\/\/powermediaservices.net\/#\/schema\/logo\/image\/\"},\"sameAs\":[\"https:\/\/www.facebook.com\/PowerMediaandAssociates\",\"https:\/\/www.linkedin.com\/in\/ladd\/\",\"https:\/\/www.youtube.com\/@powermediaandassociates6586\"]}]}<\/script>\n<!-- \/ Yoast SEO plugin. -->","yoast_head_json":{"title":"Negocios con Prop\u00f3sito \u2013 Liderazgo e Inspiraci\u00f3n para Emprendedores","description":"Negocios con Prop\u00f3sito libro liderazgo inmigrante de Patricia Lara Ladd inspira con resiliencia y fe a emprendedores que buscan \u00e9xito con prop\u00f3sito.","robots":{"index":"index","follow":"follow","max-snippet":"max-snippet:-1","max-image-preview":"max-image-preview:large","max-video-preview":"max-video-preview:-1"},"canonical":"https:\/\/powermediaservices.net\/es\/producto\/negocios-con-proposito-vol-1-por-patricia-lara-ladd\/","og_locale":"es_MX","og_type":"article","og_title":"Negocios con Prop\u00f3sito \u2013 Liderazgo e Inspiraci\u00f3n para Emprendedores","og_description":"Negocios con Prop\u00f3sito libro liderazgo inmigrante de Patricia Lara Ladd inspira con resiliencia y fe a emprendedores que buscan \u00e9xito con prop\u00f3sito.","og_url":"https:\/\/powermediaservices.net\/es\/producto\/negocios-con-proposito-vol-1-por-patricia-lara-ladd\/","og_site_name":"powermediaservices","article_publisher":"https:\/\/www.facebook.com\/PowerMediaandAssociates","article_modified_time":"2026-04-03T18:25:25+00:00","og_image":[{"width":1080,"height":1350,"url":"https:\/\/powermediaservices.net\/wp-content\/uploads\/2025\/08\/libro-png.jpg","type":"image\/jpeg"}],"twitter_card":"summary_large_image","twitter_misc":{"Tiempo de lectura":"1 minuto"},"schema":{"@context":"https:\/\/schema.org","@graph":[{"@type":"WebPage","@id":"https:\/\/powermediaservices.net\/product\/negocios-con-proposito-vol-1-por-patricia-lara-ladd\/","url":"https:\/\/powermediaservices.net\/product\/negocios-con-proposito-vol-1-por-patricia-lara-ladd\/","name":"Negocios con Prop\u00f3sito \u2013 Liderazgo e Inspiraci\u00f3n para Emprendedores","isPartOf":{"@id":"https:\/\/powermediaservices.net\/#website"},"primaryImageOfPage":{"@id":"https:\/\/powermediaservices.net\/product\/negocios-con-proposito-vol-1-por-patricia-lara-ladd\/#primaryimage"},"image":{"@id":"https:\/\/powermediaservices.net\/product\/negocios-con-proposito-vol-1-por-patricia-lara-ladd\/#primaryimage"},"thumbnailUrl":"https:\/\/powermediaservices.net\/wp-content\/uploads\/2025\/08\/libro-png.jpg","datePublished":"2026-02-27T15:26:20+00:00","dateModified":"2026-04-03T18:25:25+00:00","description":"Negocios con Prop\u00f3sito libro liderazgo inmigrante de Patricia Lara Ladd inspira con resiliencia y fe a emprendedores que buscan \u00e9xito con prop\u00f3sito.","breadcrumb":{"@id":"https:\/\/powermediaservices.net\/product\/negocios-con-proposito-vol-1-por-patricia-lara-ladd\/#breadcrumb"},"inLanguage":"es","potentialAction":[{"@type":"ReadAction","target":["https:\/\/powermediaservices.net\/product\/negocios-con-proposito-vol-1-por-patricia-lara-ladd\/"]}]},{"@type":"ImageObject","inLanguage":"es","@id":"https:\/\/powermediaservices.net\/product\/negocios-con-proposito-vol-1-por-patricia-lara-ladd\/#primaryimage","url":"https:\/\/powermediaservices.net\/wp-content\/uploads\/2025\/08\/libro-png.jpg","contentUrl":"https:\/\/powermediaservices.net\/wp-content\/uploads\/2025\/08\/libro-png.jpg","width":1080,"height":1350,"caption":"portada del libro de Patricia"},{"@type":"BreadcrumbList","@id":"https:\/\/powermediaservices.net\/product\/negocios-con-proposito-vol-1-por-patricia-lara-ladd\/#breadcrumb","itemListElement":[{"@type":"ListItem","position":1,"name":"Home","item":"https:\/\/powermediaservices.net\/"},{"@type":"ListItem","position":2,"name":"Books","item":"https:\/\/powermediaservices.net\/books\/"},{"@type":"ListItem","position":3,"name":"NEGOCIOS CON PROP\u00d3SITO VOL 1 POR Patricia Lara Ladd"}]},{"@type":"WebSite","@id":"https:\/\/powermediaservices.net\/#website","url":"https:\/\/powermediaservices.net\/","name":"powermediaservices","description":"","publisher":{"@id":"https:\/\/powermediaservices.net\/#organization"},"potentialAction":[{"@type":"SearchAction","target":{"@type":"EntryPoint","urlTemplate":"https:\/\/powermediaservices.net\/?s={search_term_string}"},"query-input":{"@type":"PropertyValueSpecification","valueRequired":true,"valueName":"search_term_string"}}],"inLanguage":"es"},{"@type":"Organization","@id":"https:\/\/powermediaservices.net\/#organization","name":"powermediaservices","url":"https:\/\/powermediaservices.net\/","logo":{"@type":"ImageObject","inLanguage":"es","@id":"https:\/\/powermediaservices.net\/#\/schema\/logo\/image\/","url":"https:\/\/powermediaservices.net\/wp-content\/uploads\/2023\/11\/Logo-pms.png","contentUrl":"https:\/\/powermediaservices.net\/wp-content\/uploads\/2023\/11\/Logo-pms.png","width":543,"height":262,"caption":"powermediaservices"},"image":{"@id":"https:\/\/powermediaservices.net\/#\/schema\/logo\/image\/"},"sameAs":["https:\/\/www.facebook.com\/PowerMediaandAssociates","https:\/\/www.linkedin.com\/in\/ladd\/","https:\/\/www.youtube.com\/@powermediaandassociates6586"]}]}},"_links":{"self":[{"href":"https:\/\/powermediaservices.net\/es\/wp-json\/wp\/v2\/product\/1554","targetHints":{"allow":["GET"]}}],"collection":[{"href":"https:\/\/powermediaservices.net\/es\/wp-json\/wp\/v2\/product"}],"about":[{"href":"https:\/\/powermediaservices.net\/es\/wp-json\/wp\/v2\/types\/product"}],"replies":[{"embeddable":true,"href":"https:\/\/powermediaservices.net\/es\/wp-json\/wp\/v2\/comments?post=1554"}],"wp:featuredmedia":[{"embeddable":true,"href":"https:\/\/powermediaservices.net\/es\/wp-json\/wp\/v2\/media\/1442"}],"wp:attachment":[{"href":"https:\/\/powermediaservices.net\/es\/wp-json\/wp\/v2\/media?parent=1554"}],"wp:term":[{"taxonomy":"product_brand","embeddable":true,"href":"https:\/\/powermediaservices.net\/es\/wp-json\/wp\/v2\/product_brand?post=1554"},{"taxonomy":"product_cat","embeddable":true,"href":"https:\/\/powermediaservices.net\/es\/wp-json\/wp\/v2\/product_cat?post=1554"},{"taxonomy":"product_tag","embeddable":true,"href":"https:\/\/powermediaservices.net\/es\/wp-json\/wp\/v2\/product_tag?post=1554"}],"curies":[{"name":"wp","href":"https:\/\/api.w.org\/{rel}","templated":true}]}}