{"id":480,"date":"2023-11-20T17:06:10","date_gmt":"2023-11-20T17:06:10","guid":{"rendered":"https:\/\/powermediaservices.net\/?page_id=480"},"modified":"2023-12-20T04:58:40","modified_gmt":"2023-12-20T04:58:40","slug":"press","status":"publish","type":"page","link":"https:\/\/powermediaservices.net\/es\/press\/","title":{"rendered":"PRENSA"},"content":{"rendered":"<div data-elementor-type=\"wp-page\" data-elementor-id=\"480\" class=\"elementor elementor-480\" data-elementor-post-type=\"page\">\n\t\t\t\t<div class=\"elementor-element elementor-element-01e9d6d e-flex e-con-boxed e-con e-parent\" data-id=\"01e9d6d\" data-element_type=\"container\" data-e-type=\"container\" data-settings=\"{&quot;background_background&quot;:&quot;classic&quot;,&quot;shape_divider_bottom&quot;:&quot;curve&quot;,&quot;shape_divider_bottom_negative&quot;:&quot;yes&quot;}\">\n\t\t\t\t\t<div class=\"e-con-inner\">\n\t\t\t\t<div class=\"elementor-shape elementor-shape-bottom\" aria-hidden=\"true\" data-negative=\"true\">\n\t\t\t<svg xmlns=\"http:\/\/www.w3.org\/2000\/svg\" viewbox=\"0 0 1000 100\" preserveaspectratio=\"none\">\n\t<path class=\"elementor-shape-fill\" d=\"M500,97C126.7,96.3,0.8,19.8,0,0v100l1000,0V1C1000,19.4,873.3,97.8,500,97z\"\/>\n<\/svg>\t\t<\/div>\n\t\t\t\t<div class=\"elementor-element elementor-element-8e5cc8e elementor-widget elementor-widget-heading\" data-id=\"8e5cc8e\" data-element_type=\"widget\" data-e-type=\"widget\" data-widget_type=\"heading.default\">\n\t\t\t\t<div class=\"elementor-widget-container\">\n\t\t\t\t\t<h2 class=\"elementor-heading-title elementor-size-default\">PRENSA<\/h2>\t\t\t\t<\/div>\n\t\t\t\t<\/div>\n\t\t\t\t\t<\/div>\n\t\t\t\t<\/div>\n\t\t<div class=\"elementor-element elementor-element-32a8854 e-flex e-con-boxed e-con e-parent\" data-id=\"32a8854\" data-element_type=\"container\" data-e-type=\"container\" data-settings=\"{&quot;background_background&quot;:&quot;classic&quot;}\">\n\t\t\t\t\t<div class=\"e-con-inner\">\n\t\t<div class=\"elementor-element elementor-element-8ab3dc8 e-con-full e-flex e-con e-child\" data-id=\"8ab3dc8\" data-element_type=\"container\" data-e-type=\"container\">\n\t\t\t\t<div class=\"elementor-element elementor-element-16e6d31 elementor-widget elementor-widget-image\" data-id=\"16e6d31\" data-element_type=\"widget\" data-e-type=\"widget\" data-widget_type=\"image.default\">\n\t\t\t\t<div class=\"elementor-widget-container\">\n\t\t\t\t\t\t\t\t\t\t\t\t\t\t\t<img fetchpriority=\"high\" decoding=\"async\" width=\"473\" height=\"473\" src=\"https:\/\/powermediaservices.net\/wp-content\/uploads\/2023\/11\/Press.jpg\" class=\"attachment-large size-large wp-image-486\" alt=\"power media services press\" srcset=\"https:\/\/powermediaservices.net\/wp-content\/uploads\/2023\/11\/Press.jpg 473w, https:\/\/powermediaservices.net\/wp-content\/uploads\/2023\/11\/Press-300x300.jpg 300w, https:\/\/powermediaservices.net\/wp-content\/uploads\/2023\/11\/Press-100x100.jpg 100w\" sizes=\"(max-width: 473px) 100vw, 473px\" \/>\t\t\t\t\t\t\t\t\t\t\t\t\t\t\t<\/div>\n\t\t\t\t<\/div>\n\t\t\t\t<\/div>\n\t\t<div class=\"elementor-element elementor-element-33a24b1 e-con-full e-flex e-con e-child\" data-id=\"33a24b1\" data-element_type=\"container\" data-e-type=\"container\">\n\t\t\t\t<div class=\"elementor-element elementor-element-b6fb03c elementor-widget elementor-widget-text-editor\" data-id=\"b6fb03c\" data-element_type=\"widget\" data-e-type=\"widget\" data-widget_type=\"text-editor.default\">\n\t\t\t\t<div class=\"elementor-widget-container\">\n\t\t\t\t\t\t\t\t\t<p>Mujer de negocios, visionare y motivador. Patricia ha sido entrevistado en los diferentes canales de TELEVISI\u00d3N nacionales y regionales, tales como, Telemundo, Univisi\u00f3n, Unim\u00e1s, etc.<\/p>\t\t\t\t\t\t\t\t<\/div>\n\t\t\t\t<\/div>\n\t\t\t\t<div class=\"elementor-element elementor-element-a2a5e09 elementor-widget elementor-widget-text-editor\" data-id=\"a2a5e09\" data-element_type=\"widget\" data-e-type=\"widget\" data-widget_type=\"text-editor.default\">\n\t\t\t\t<div class=\"elementor-widget-container\">\n\t\t\t\t\t\t\t\t\t<p>Tambi\u00e9n fue anfitri\u00f3n de su propio radio y TELEVISI\u00d3N. Patricia de la historia y los logros han sido publicados en prestigiosas publicaciones como: la Revista Forbes, Cnvc Estilo Latino, de la fuerza A\u00e9rea, entre otros.<\/p>\t\t\t\t\t\t\t\t<\/div>\n\t\t\t\t<\/div>\n\t\t\t\t<div class=\"elementor-element elementor-element-892a32b elementor-widget elementor-widget-text-editor\" data-id=\"892a32b\" data-element_type=\"widget\" data-e-type=\"widget\" data-widget_type=\"text-editor.default\">\n\t\t\t\t<div class=\"elementor-widget-container\">\n\t\t\t\t\t\t\t\t\t<p>Su historia ha inspirado libros de autores como Perfiles en Latino Curso al proyecto de Ley de Miranda, la Mujer Que Inspir\u00f3 a la Mujer, Madre Soltera Aldridge.\u00a0<\/p>\t\t\t\t\t\t\t\t<\/div>\n\t\t\t\t<\/div>\n\t\t\t\t<div class=\"elementor-element elementor-element-640b62e elementor-widget elementor-widget-text-editor\" data-id=\"640b62e\" data-element_type=\"widget\" data-e-type=\"widget\" data-widget_type=\"text-editor.default\">\n\t\t\t\t<div class=\"elementor-widget-container\">\n\t\t\t\t\t\t\t\t\t<p>Patricia seguir trabajando incansablemente para ayudar a la comunidad hispana.<\/p>\t\t\t\t\t\t\t\t<\/div>\n\t\t\t\t<\/div>\n\t\t\t\t<\/div>\n\t\t\t\t\t<\/div>\n\t\t\t\t<\/div>\n\t\t\t\t<\/div>","protected":false},"excerpt":{"rendered":"<p>Press Business woman, visionare and motivating. Patricia has been interviewed at different TV channels national and regional, such as, Telemundo, Univisi\u00f3n, Unim\u00e1s, etc. Also hosted her own radio and TV show. Patricia&#8217;s story and achievements have been published in prestigious publications such as: Forbes Magazine, Cnvc Latino Style, Airforce, among others. Her story has inspired [&hellip;]<\/p>\n","protected":false},"author":1,"featured_media":0,"parent":0,"menu_order":0,"comment_status":"closed","ping_status":"closed","template":"elementor_header_footer","meta":{"ocean_post_layout":"full-width","ocean_both_sidebars_style":"","ocean_both_sidebars_content_width":0,"ocean_both_sidebars_sidebars_width":0,"ocean_sidebar":"","ocean_second_sidebar":"","ocean_disable_margins":"on","ocean_add_body_class":"","ocean_shortcode_before_top_bar":"","ocean_shortcode_after_top_bar":"","ocean_shortcode_before_header":"","ocean_shortcode_after_header":"","ocean_has_shortcode":"","ocean_shortcode_after_title":"","ocean_shortcode_before_footer_widgets":"","ocean_shortcode_after_footer_widgets":"","ocean_shortcode_before_footer_bottom":"","ocean_shortcode_after_footer_bottom":"","ocean_display_top_bar":"default","ocean_display_header":"default","ocean_header_style":"","ocean_center_header_left_menu":"","ocean_custom_header_template":"","ocean_custom_logo":0,"ocean_custom_retina_logo":0,"ocean_custom_logo_max_width":0,"ocean_custom_logo_tablet_max_width":0,"ocean_custom_logo_mobile_max_width":0,"ocean_custom_logo_max_height":0,"ocean_custom_logo_tablet_max_height":0,"ocean_custom_logo_mobile_max_height":0,"ocean_header_custom_menu":"","ocean_menu_typo_font_family":"","ocean_menu_typo_font_subset":"","ocean_menu_typo_font_size":0,"ocean_menu_typo_font_size_tablet":0,"ocean_menu_typo_font_size_mobile":0,"ocean_menu_typo_font_size_unit":"px","ocean_menu_typo_font_weight":"","ocean_menu_typo_font_weight_tablet":"","ocean_menu_typo_font_weight_mobile":"","ocean_menu_typo_transform":"","ocean_menu_typo_transform_tablet":"","ocean_menu_typo_transform_mobile":"","ocean_menu_typo_line_height":0,"ocean_menu_typo_line_height_tablet":0,"ocean_menu_typo_line_height_mobile":0,"ocean_menu_typo_line_height_unit":"","ocean_menu_typo_spacing":0,"ocean_menu_typo_spacing_tablet":0,"ocean_menu_typo_spacing_mobile":0,"ocean_menu_typo_spacing_unit":"","ocean_menu_link_color":"","ocean_menu_link_color_hover":"","ocean_menu_link_color_active":"","ocean_menu_link_background":"","ocean_menu_link_hover_background":"","ocean_menu_link_active_background":"","ocean_menu_social_links_bg":"","ocean_menu_social_hover_links_bg":"","ocean_menu_social_links_color":"","ocean_menu_social_hover_links_color":"","ocean_disable_title":"on","ocean_disable_heading":"default","ocean_post_title":"","ocean_post_subheading":"","ocean_post_title_style":"","ocean_post_title_background_color":"","ocean_post_title_background":0,"ocean_post_title_bg_image_position":"","ocean_post_title_bg_image_attachment":"","ocean_post_title_bg_image_repeat":"","ocean_post_title_bg_image_size":"","ocean_post_title_height":0,"ocean_post_title_bg_overlay":0.5,"ocean_post_title_bg_overlay_color":"","ocean_disable_breadcrumbs":"off","ocean_breadcrumbs_color":"","ocean_breadcrumbs_separator_color":"","ocean_breadcrumbs_links_color":"","ocean_breadcrumbs_links_hover_color":"","ocean_display_footer_widgets":"default","ocean_display_footer_bottom":"default","ocean_custom_footer_template":"","footnotes":""},"class_list":["post-480","page","type-page","status-publish","hentry","entry","owp-thumbs-layout-horizontal","owp-btn-normal","owp-tabs-layout-horizontal","has-no-thumbnails","has-product-nav"],"yoast_head":"<!-- This site is optimized with the Yoast SEO plugin v27.4 - https:\/\/yoast.com\/product\/yoast-seo-wordpress\/ -->\n<title>Press - powermediaservices<\/title>\n<meta name=\"robots\" content=\"index, follow, max-snippet:-1, max-image-preview:large, max-video-preview:-1\" \/>\n<link rel=\"canonical\" href=\"https:\/\/powermediaservices.net\/es\/press\/\" \/>\n<meta property=\"og:locale\" content=\"es_MX\" \/>\n<meta property=\"og:type\" content=\"article\" \/>\n<meta property=\"og:title\" content=\"Press - powermediaservices\" \/>\n<meta property=\"og:description\" content=\"Press Business woman, visionare and motivating. Patricia has been interviewed at different TV channels national and regional, such as, Telemundo, Univisi\u00f3n, Unim\u00e1s, etc. Also hosted her own radio and TV show. Patricia&#8217;s story and achievements have been published in prestigious publications such as: Forbes Magazine, Cnvc Latino Style, Airforce, among others. Her story has inspired [&hellip;]\" \/>\n<meta property=\"og:url\" content=\"https:\/\/powermediaservices.net\/es\/press\/\" \/>\n<meta property=\"og:site_name\" content=\"powermediaservices\" \/>\n<meta property=\"article:publisher\" content=\"https:\/\/www.facebook.com\/PowerMediaandAssociates\" \/>\n<meta property=\"article:modified_time\" content=\"2023-12-20T04:58:40+00:00\" \/>\n<meta property=\"og:image\" content=\"https:\/\/powermediaservices.net\/wp-content\/uploads\/2023\/11\/Press.jpg\" \/>\n<meta name=\"twitter:card\" content=\"summary_large_image\" \/>\n<script type=\"application\/ld+json\" class=\"yoast-schema-graph\">{\"@context\":\"https:\\\/\\\/schema.org\",\"@graph\":[{\"@type\":\"WebPage\",\"@id\":\"https:\\\/\\\/powermediaservices.net\\\/press\\\/\",\"url\":\"https:\\\/\\\/powermediaservices.net\\\/press\\\/\",\"name\":\"Press - powermediaservices\",\"isPartOf\":{\"@id\":\"https:\\\/\\\/powermediaservices.net\\\/#website\"},\"primaryImageOfPage\":{\"@id\":\"https:\\\/\\\/powermediaservices.net\\\/press\\\/#primaryimage\"},\"image\":{\"@id\":\"https:\\\/\\\/powermediaservices.net\\\/press\\\/#primaryimage\"},\"thumbnailUrl\":\"https:\\\/\\\/powermediaservices.net\\\/wp-content\\\/uploads\\\/2023\\\/11\\\/Press.jpg\",\"datePublished\":\"2023-11-20T17:06:10+00:00\",\"dateModified\":\"2023-12-20T04:58:40+00:00\",\"breadcrumb\":{\"@id\":\"https:\\\/\\\/powermediaservices.net\\\/press\\\/#breadcrumb\"},\"inLanguage\":\"es\",\"potentialAction\":[{\"@type\":\"ReadAction\",\"target\":[\"https:\\\/\\\/powermediaservices.net\\\/press\\\/\"]}]},{\"@type\":\"ImageObject\",\"inLanguage\":\"es\",\"@id\":\"https:\\\/\\\/powermediaservices.net\\\/press\\\/#primaryimage\",\"url\":\"https:\\\/\\\/powermediaservices.net\\\/wp-content\\\/uploads\\\/2023\\\/11\\\/Press.jpg\",\"contentUrl\":\"https:\\\/\\\/powermediaservices.net\\\/wp-content\\\/uploads\\\/2023\\\/11\\\/Press.jpg\"},{\"@type\":\"BreadcrumbList\",\"@id\":\"https:\\\/\\\/powermediaservices.net\\\/press\\\/#breadcrumb\",\"itemListElement\":[{\"@type\":\"ListItem\",\"position\":1,\"name\":\"Home\",\"item\":\"https:\\\/\\\/powermediaservices.net\\\/\"},{\"@type\":\"ListItem\",\"position\":2,\"name\":\"Press\"}]},{\"@type\":\"WebSite\",\"@id\":\"https:\\\/\\\/powermediaservices.net\\\/#website\",\"url\":\"https:\\\/\\\/powermediaservices.net\\\/\",\"name\":\"powermediaservices\",\"description\":\"\",\"publisher\":{\"@id\":\"https:\\\/\\\/powermediaservices.net\\\/#organization\"},\"potentialAction\":[{\"@type\":\"SearchAction\",\"target\":{\"@type\":\"EntryPoint\",\"urlTemplate\":\"https:\\\/\\\/powermediaservices.net\\\/?s={search_term_string}\"},\"query-input\":{\"@type\":\"PropertyValueSpecification\",\"valueRequired\":true,\"valueName\":\"search_term_string\"}}],\"inLanguage\":\"es\"},{\"@type\":\"Organization\",\"@id\":\"https:\\\/\\\/powermediaservices.net\\\/#organization\",\"name\":\"powermediaservices\",\"url\":\"https:\\\/\\\/powermediaservices.net\\\/\",\"logo\":{\"@type\":\"ImageObject\",\"inLanguage\":\"es\",\"@id\":\"https:\\\/\\\/powermediaservices.net\\\/#\\\/schema\\\/logo\\\/image\\\/\",\"url\":\"https:\\\/\\\/powermediaservices.net\\\/wp-content\\\/uploads\\\/2023\\\/11\\\/Logo-pms.png\",\"contentUrl\":\"https:\\\/\\\/powermediaservices.net\\\/wp-content\\\/uploads\\\/2023\\\/11\\\/Logo-pms.png\",\"width\":543,\"height\":262,\"caption\":\"powermediaservices\"},\"image\":{\"@id\":\"https:\\\/\\\/powermediaservices.net\\\/#\\\/schema\\\/logo\\\/image\\\/\"},\"sameAs\":[\"https:\\\/\\\/www.facebook.com\\\/PowerMediaandAssociates\",\"https:\\\/\\\/www.linkedin.com\\\/in\\\/ladd\\\/\",\"https:\\\/\\\/www.youtube.com\\\/@powermediaandassociates6586\"]}]}<\/script>\n<!-- \/ Yoast SEO plugin. -->","yoast_head_json":{"title":"Press - powermediaservices","robots":{"index":"index","follow":"follow","max-snippet":"max-snippet:-1","max-image-preview":"max-image-preview:large","max-video-preview":"max-video-preview:-1"},"canonical":"https:\/\/powermediaservices.net\/es\/press\/","og_locale":"es_MX","og_type":"article","og_title":"Press - powermediaservices","og_description":"Press Business woman, visionare and motivating. Patricia has been interviewed at different TV channels national and regional, such as, Telemundo, Univisi\u00f3n, Unim\u00e1s, etc. Also hosted her own radio and TV show. Patricia&#8217;s story and achievements have been published in prestigious publications such as: Forbes Magazine, Cnvc Latino Style, Airforce, among others. Her story has inspired [&hellip;]","og_url":"https:\/\/powermediaservices.net\/es\/press\/","og_site_name":"powermediaservices","article_publisher":"https:\/\/www.facebook.com\/PowerMediaandAssociates","article_modified_time":"2023-12-20T04:58:40+00:00","og_image":[{"url":"https:\/\/powermediaservices.net\/wp-content\/uploads\/2023\/11\/Press.jpg","type":"","width":"","height":""}],"twitter_card":"summary_large_image","schema":{"@context":"https:\/\/schema.org","@graph":[{"@type":"WebPage","@id":"https:\/\/powermediaservices.net\/press\/","url":"https:\/\/powermediaservices.net\/press\/","name":"Press - powermediaservices","isPartOf":{"@id":"https:\/\/powermediaservices.net\/#website"},"primaryImageOfPage":{"@id":"https:\/\/powermediaservices.net\/press\/#primaryimage"},"image":{"@id":"https:\/\/powermediaservices.net\/press\/#primaryimage"},"thumbnailUrl":"https:\/\/powermediaservices.net\/wp-content\/uploads\/2023\/11\/Press.jpg","datePublished":"2023-11-20T17:06:10+00:00","dateModified":"2023-12-20T04:58:40+00:00","breadcrumb":{"@id":"https:\/\/powermediaservices.net\/press\/#breadcrumb"},"inLanguage":"es","potentialAction":[{"@type":"ReadAction","target":["https:\/\/powermediaservices.net\/press\/"]}]},{"@type":"ImageObject","inLanguage":"es","@id":"https:\/\/powermediaservices.net\/press\/#primaryimage","url":"https:\/\/powermediaservices.net\/wp-content\/uploads\/2023\/11\/Press.jpg","contentUrl":"https:\/\/powermediaservices.net\/wp-content\/uploads\/2023\/11\/Press.jpg"},{"@type":"BreadcrumbList","@id":"https:\/\/powermediaservices.net\/press\/#breadcrumb","itemListElement":[{"@type":"ListItem","position":1,"name":"Home","item":"https:\/\/powermediaservices.net\/"},{"@type":"ListItem","position":2,"name":"Press"}]},{"@type":"WebSite","@id":"https:\/\/powermediaservices.net\/#website","url":"https:\/\/powermediaservices.net\/","name":"powermediaservices","description":"","publisher":{"@id":"https:\/\/powermediaservices.net\/#organization"},"potentialAction":[{"@type":"SearchAction","target":{"@type":"EntryPoint","urlTemplate":"https:\/\/powermediaservices.net\/?s={search_term_string}"},"query-input":{"@type":"PropertyValueSpecification","valueRequired":true,"valueName":"search_term_string"}}],"inLanguage":"es"},{"@type":"Organization","@id":"https:\/\/powermediaservices.net\/#organization","name":"powermediaservices","url":"https:\/\/powermediaservices.net\/","logo":{"@type":"ImageObject","inLanguage":"es","@id":"https:\/\/powermediaservices.net\/#\/schema\/logo\/image\/","url":"https:\/\/powermediaservices.net\/wp-content\/uploads\/2023\/11\/Logo-pms.png","contentUrl":"https:\/\/powermediaservices.net\/wp-content\/uploads\/2023\/11\/Logo-pms.png","width":543,"height":262,"caption":"powermediaservices"},"image":{"@id":"https:\/\/powermediaservices.net\/#\/schema\/logo\/image\/"},"sameAs":["https:\/\/www.facebook.com\/PowerMediaandAssociates","https:\/\/www.linkedin.com\/in\/ladd\/","https:\/\/www.youtube.com\/@powermediaandassociates6586"]}]}},"_links":{"self":[{"href":"https:\/\/powermediaservices.net\/es\/wp-json\/wp\/v2\/pages\/480","targetHints":{"allow":["GET"]}}],"collection":[{"href":"https:\/\/powermediaservices.net\/es\/wp-json\/wp\/v2\/pages"}],"about":[{"href":"https:\/\/powermediaservices.net\/es\/wp-json\/wp\/v2\/types\/page"}],"author":[{"embeddable":true,"href":"https:\/\/powermediaservices.net\/es\/wp-json\/wp\/v2\/users\/1"}],"replies":[{"embeddable":true,"href":"https:\/\/powermediaservices.net\/es\/wp-json\/wp\/v2\/comments?post=480"}],"version-history":[{"count":37,"href":"https:\/\/powermediaservices.net\/es\/wp-json\/wp\/v2\/pages\/480\/revisions"}],"predecessor-version":[{"id":713,"href":"https:\/\/powermediaservices.net\/es\/wp-json\/wp\/v2\/pages\/480\/revisions\/713"}],"wp:attachment":[{"href":"https:\/\/powermediaservices.net\/es\/wp-json\/wp\/v2\/media?parent=480"}],"curies":[{"name":"wp","href":"https:\/\/api.w.org\/{rel}","templated":true}]}}