{"id":448,"date":"2023-11-20T09:36:25","date_gmt":"2023-11-20T09:36:25","guid":{"rendered":"https:\/\/powermediaservices.net\/?page_id=448"},"modified":"2023-11-23T12:23:02","modified_gmt":"2023-11-23T12:23:02","slug":"values","status":"publish","type":"page","link":"https:\/\/powermediaservices.net\/es\/values\/","title":{"rendered":"NUESTROS VALORES"},"content":{"rendered":"<div data-elementor-type=\"wp-page\" data-elementor-id=\"448\" class=\"elementor elementor-448\" data-elementor-post-type=\"page\">\n\t\t\t\t<div class=\"elementor-element elementor-element-c4f8083 e-flex e-con-boxed e-con e-parent\" data-id=\"c4f8083\" data-element_type=\"container\" data-e-type=\"container\" data-settings=\"{&quot;background_background&quot;:&quot;classic&quot;}\">\n\t\t\t\t\t<div class=\"e-con-inner\">\n\t\t<div class=\"elementor-element elementor-element-a82a5b1 e-flex e-con-boxed e-con e-child\" data-id=\"a82a5b1\" data-element_type=\"container\" data-e-type=\"container\">\n\t\t\t\t\t<div class=\"e-con-inner\">\n\t\t\t\t<div class=\"elementor-element elementor-element-c249612 elementor-widget elementor-widget-heading\" data-id=\"c249612\" data-element_type=\"widget\" data-e-type=\"widget\" data-widget_type=\"heading.default\">\n\t\t\t\t<div class=\"elementor-widget-container\">\n\t\t\t\t\t<h2 class=\"elementor-heading-title elementor-size-default\">Nuestros Valores<\/h2>\t\t\t\t<\/div>\n\t\t\t\t<\/div>\n\t\t\t\t<div class=\"elementor-element elementor-element-13f466d elementor-widget elementor-widget-progress\" data-id=\"13f466d\" data-element_type=\"widget\" data-e-type=\"widget\" data-widget_type=\"progress.default\">\n\t\t\t\t<div class=\"elementor-widget-container\">\n\t\t\t\t\t\n\t\t<div class=\"elementor-progress-wrapper\" role=\"progressbar\" aria-valuemin=\"0\" aria-valuemax=\"100\" aria-valuenow=\"12\">\n\t\t\t<div class=\"elementor-progress-bar\" data-max=\"12\">\n\t\t\t\t<span class=\"elementor-progress-text\"><\/span>\n\t\t\t\t\t\t\t<\/div>\n\t\t<\/div>\n\t\t\t\t\t\t<\/div>\n\t\t\t\t<\/div>\n\t\t\t\t<div class=\"elementor-element elementor-element-a9a216f elementor-widget elementor-widget-text-editor\" data-id=\"a9a216f\" data-element_type=\"widget\" data-e-type=\"widget\" data-widget_type=\"text-editor.default\">\n\t\t\t\t<div class=\"elementor-widget-container\">\n\t\t\t\t\t\t\t\t\t<p>Nuestro objetivo es apoyar a las empresas en la consecuci\u00f3n del \u00e9xito al ganar su confianza a trav\u00e9s de nuestra orientaci\u00f3n. Nuestro Fundador y Presidente, Patricia Ladd, es una Latina inmigrante y una mujer de fe. Ella est\u00e1 motivado por la integridad, la empat\u00eda y la honestidad para ofrecer el mejor servicio a cada uno de nuestros clientes.<\/p>\t\t\t\t\t\t\t\t<\/div>\n\t\t\t\t<\/div>\n\t\t\t\t\t<\/div>\n\t\t\t\t<\/div>\n\t\t<div class=\"elementor-element elementor-element-c6ac5f0 e-flex e-con-boxed e-con e-child\" data-id=\"c6ac5f0\" data-element_type=\"container\" data-e-type=\"container\">\n\t\t\t\t\t<div class=\"e-con-inner\">\n\t\t<div class=\"elementor-element elementor-element-52c80a6 e-flex e-con-boxed e-con e-child\" data-id=\"52c80a6\" data-element_type=\"container\" data-e-type=\"container\">\n\t\t\t\t\t<div class=\"e-con-inner\">\n\t\t<div class=\"elementor-element elementor-element-787c14d e-flex e-con-boxed e-con e-child\" data-id=\"787c14d\" data-element_type=\"container\" data-e-type=\"container\">\n\t\t\t\t\t<div class=\"e-con-inner\">\n\t\t\t\t<div class=\"elementor-element elementor-element-8d2428e elementor-widget elementor-widget-image\" data-id=\"8d2428e\" data-element_type=\"widget\" data-e-type=\"widget\" data-widget_type=\"image.default\">\n\t\t\t\t<div class=\"elementor-widget-container\">\n\t\t\t\t\t\t\t\t\t\t\t\t\t\t\t<img fetchpriority=\"high\" decoding=\"async\" width=\"464\" height=\"368\" src=\"https:\/\/powermediaservices.net\/wp-content\/uploads\/2023\/11\/v3-1.jpg\" class=\"attachment-large size-large wp-image-667\" alt=\"power media services\" \/>\t\t\t\t\t\t\t\t\t\t\t\t\t\t\t<\/div>\n\t\t\t\t<\/div>\n\t\t\t\t<div class=\"elementor-element elementor-element-846a345 elementor-widget elementor-widget-heading\" data-id=\"846a345\" data-element_type=\"widget\" data-e-type=\"widget\" data-widget_type=\"heading.default\">\n\t\t\t\t<div class=\"elementor-widget-container\">\n\t\t\t\t\t<h2 class=\"elementor-heading-title elementor-size-default\">EXCELENCIA<\/h2>\t\t\t\t<\/div>\n\t\t\t\t<\/div>\n\t\t\t\t\t<\/div>\n\t\t\t\t<\/div>\n\t\t<div class=\"elementor-element elementor-element-41ef8ce e-flex e-con-boxed e-con e-child\" data-id=\"41ef8ce\" data-element_type=\"container\" data-e-type=\"container\">\n\t\t\t\t\t<div class=\"e-con-inner\">\n\t\t\t\t<div class=\"elementor-element elementor-element-473b4d3 elementor-widget elementor-widget-image\" data-id=\"473b4d3\" data-element_type=\"widget\" data-e-type=\"widget\" data-widget_type=\"image.default\">\n\t\t\t\t<div class=\"elementor-widget-container\">\n\t\t\t\t\t\t\t\t\t\t\t\t\t\t\t<img decoding=\"async\" width=\"492\" height=\"328\" src=\"https:\/\/powermediaservices.net\/wp-content\/uploads\/2023\/11\/v4.jpg\" class=\"attachment-large size-large wp-image-665\" alt=\"power media services\" \/>\t\t\t\t\t\t\t\t\t\t\t\t\t\t\t<\/div>\n\t\t\t\t<\/div>\n\t\t\t\t<div class=\"elementor-element elementor-element-0c53e21 elementor-widget elementor-widget-heading\" data-id=\"0c53e21\" data-element_type=\"widget\" data-e-type=\"widget\" data-widget_type=\"heading.default\">\n\t\t\t\t<div class=\"elementor-widget-container\">\n\t\t\t\t\t<h2 class=\"elementor-heading-title elementor-size-default\">La PERSEVERANCIA<\/h2>\t\t\t\t<\/div>\n\t\t\t\t<\/div>\n\t\t\t\t\t<\/div>\n\t\t\t\t<\/div>\n\t\t\t\t\t<\/div>\n\t\t\t\t<\/div>\n\t\t<div class=\"elementor-element elementor-element-207aaee e-flex e-con-boxed e-con e-child\" data-id=\"207aaee\" data-element_type=\"container\" data-e-type=\"container\">\n\t\t\t\t\t<div class=\"e-con-inner\">\n\t\t<div class=\"elementor-element elementor-element-a4ddd88 e-flex e-con-boxed e-con e-child\" data-id=\"a4ddd88\" data-element_type=\"container\" data-e-type=\"container\">\n\t\t\t\t\t<div class=\"e-con-inner\">\n\t\t\t\t<div class=\"elementor-element elementor-element-bf688de elementor-widget elementor-widget-image\" data-id=\"bf688de\" data-element_type=\"widget\" data-e-type=\"widget\" data-widget_type=\"image.default\">\n\t\t\t\t<div class=\"elementor-widget-container\">\n\t\t\t\t\t\t\t\t\t\t\t\t\t\t\t<img decoding=\"async\" width=\"616\" height=\"368\" src=\"https:\/\/powermediaservices.net\/wp-content\/uploads\/2023\/11\/v1-2.jpg\" class=\"attachment-large size-large wp-image-666\" alt=\"\" srcset=\"https:\/\/powermediaservices.net\/wp-content\/uploads\/2023\/11\/v1-2.jpg 616w, https:\/\/powermediaservices.net\/wp-content\/uploads\/2023\/11\/v1-2-600x358.jpg 600w\" sizes=\"(max-width: 616px) 100vw, 616px\" \/>\t\t\t\t\t\t\t\t\t\t\t\t\t\t\t<\/div>\n\t\t\t\t<\/div>\n\t\t\t\t<div class=\"elementor-element elementor-element-3dd9164 elementor-widget elementor-widget-heading\" data-id=\"3dd9164\" data-element_type=\"widget\" data-e-type=\"widget\" data-widget_type=\"heading.default\">\n\t\t\t\t<div class=\"elementor-widget-container\">\n\t\t\t\t\t<h2 class=\"elementor-heading-title elementor-size-default\">COMPROMISO<\/h2>\t\t\t\t<\/div>\n\t\t\t\t<\/div>\n\t\t\t\t\t<\/div>\n\t\t\t\t<\/div>\n\t\t<div class=\"elementor-element elementor-element-76857a1 e-flex e-con-boxed e-con e-child\" data-id=\"76857a1\" data-element_type=\"container\" data-e-type=\"container\">\n\t\t\t\t\t<div class=\"e-con-inner\">\n\t\t\t\t<div class=\"elementor-element elementor-element-f343d38 elementor-widget elementor-widget-image\" data-id=\"f343d38\" data-element_type=\"widget\" data-e-type=\"widget\" data-widget_type=\"image.default\">\n\t\t\t\t<div class=\"elementor-widget-container\">\n\t\t\t\t\t\t\t\t\t\t\t\t\t\t\t<img loading=\"lazy\" decoding=\"async\" width=\"555\" height=\"368\" src=\"https:\/\/powermediaservices.net\/wp-content\/uploads\/2023\/11\/v2-1.jpg\" class=\"attachment-large size-large wp-image-668\" alt=\"\" \/>\t\t\t\t\t\t\t\t\t\t\t\t\t\t\t<\/div>\n\t\t\t\t<\/div>\n\t\t\t\t<div class=\"elementor-element elementor-element-7d57a1f elementor-widget elementor-widget-heading\" data-id=\"7d57a1f\" data-element_type=\"widget\" data-e-type=\"widget\" data-widget_type=\"heading.default\">\n\t\t\t\t<div class=\"elementor-widget-container\">\n\t\t\t\t\t<h2 class=\"elementor-heading-title elementor-size-default\">La SOLIDARIDAD<\/h2>\t\t\t\t<\/div>\n\t\t\t\t<\/div>\n\t\t\t\t\t<\/div>\n\t\t\t\t<\/div>\n\t\t\t\t\t<\/div>\n\t\t\t\t<\/div>\n\t\t\t\t\t<\/div>\n\t\t\t\t<\/div>\n\t\t\t\t\t<\/div>\n\t\t\t\t<\/div>\n\t\t\t\t<\/div>","protected":false},"excerpt":{"rendered":"<p>Our Values Our goal is to support businesses in achieving success by earning their trust through our guidance. Our Founder and President, Patricia Ladd, is a Latina immigrant and a woman of faith. She is motivated by integrity, empathy, and honesty to provide the best service to each of our customers. EXCELENCE PERSEVERANCE COMMITMENT SOLIDARITY<\/p>","protected":false},"author":1,"featured_media":0,"parent":0,"menu_order":0,"comment_status":"closed","ping_status":"closed","template":"elementor_header_footer","meta":{"ocean_post_layout":"full-width","ocean_both_sidebars_style":"","ocean_both_sidebars_content_width":0,"ocean_both_sidebars_sidebars_width":0,"ocean_sidebar":"","ocean_second_sidebar":"","ocean_disable_margins":"enable","ocean_add_body_class":"","ocean_shortcode_before_top_bar":"","ocean_shortcode_after_top_bar":"","ocean_shortcode_before_header":"","ocean_shortcode_after_header":"","ocean_has_shortcode":"","ocean_shortcode_after_title":"","ocean_shortcode_before_footer_widgets":"","ocean_shortcode_after_footer_widgets":"","ocean_shortcode_before_footer_bottom":"","ocean_shortcode_after_footer_bottom":"","ocean_display_top_bar":"default","ocean_display_header":"default","ocean_header_style":"","ocean_center_header_left_menu":"","ocean_custom_header_template":"","ocean_custom_logo":0,"ocean_custom_retina_logo":0,"ocean_custom_logo_max_width":0,"ocean_custom_logo_tablet_max_width":0,"ocean_custom_logo_mobile_max_width":0,"ocean_custom_logo_max_height":0,"ocean_custom_logo_tablet_max_height":0,"ocean_custom_logo_mobile_max_height":0,"ocean_header_custom_menu":"","ocean_menu_typo_font_family":"","ocean_menu_typo_font_subset":"","ocean_menu_typo_font_size":0,"ocean_menu_typo_font_size_tablet":0,"ocean_menu_typo_font_size_mobile":0,"ocean_menu_typo_font_size_unit":"px","ocean_menu_typo_font_weight":"","ocean_menu_typo_font_weight_tablet":"","ocean_menu_typo_font_weight_mobile":"","ocean_menu_typo_transform":"","ocean_menu_typo_transform_tablet":"","ocean_menu_typo_transform_mobile":"","ocean_menu_typo_line_height":0,"ocean_menu_typo_line_height_tablet":0,"ocean_menu_typo_line_height_mobile":0,"ocean_menu_typo_line_height_unit":"","ocean_menu_typo_spacing":0,"ocean_menu_typo_spacing_tablet":0,"ocean_menu_typo_spacing_mobile":0,"ocean_menu_typo_spacing_unit":"","ocean_menu_link_color":"","ocean_menu_link_color_hover":"","ocean_menu_link_color_active":"","ocean_menu_link_background":"","ocean_menu_link_hover_background":"","ocean_menu_link_active_background":"","ocean_menu_social_links_bg":"","ocean_menu_social_hover_links_bg":"","ocean_menu_social_links_color":"","ocean_menu_social_hover_links_color":"","ocean_disable_title":"on","ocean_disable_heading":"default","ocean_post_title":"","ocean_post_subheading":"","ocean_post_title_style":"","ocean_post_title_background_color":"","ocean_post_title_background":0,"ocean_post_title_bg_image_position":"","ocean_post_title_bg_image_attachment":"","ocean_post_title_bg_image_repeat":"","ocean_post_title_bg_image_size":"","ocean_post_title_height":0,"ocean_post_title_bg_overlay":0.5,"ocean_post_title_bg_overlay_color":"","ocean_disable_breadcrumbs":"off","ocean_breadcrumbs_color":"","ocean_breadcrumbs_separator_color":"","ocean_breadcrumbs_links_color":"","ocean_breadcrumbs_links_hover_color":"","ocean_display_footer_widgets":"default","ocean_display_footer_bottom":"default","ocean_custom_footer_template":"","footnotes":""},"class_list":["post-448","page","type-page","status-publish","hentry","entry","owp-thumbs-layout-horizontal","owp-btn-normal","owp-tabs-layout-horizontal","has-no-thumbnails","has-product-nav"],"yoast_head":"<!-- This site is optimized with the Yoast SEO plugin v27.4 - https:\/\/yoast.com\/product\/yoast-seo-wordpress\/ -->\n<title>Values - powermediaservices<\/title>\n<meta name=\"robots\" content=\"index, follow, max-snippet:-1, max-image-preview:large, max-video-preview:-1\" \/>\n<link rel=\"canonical\" href=\"https:\/\/powermediaservices.net\/es\/values\/\" \/>\n<meta property=\"og:locale\" content=\"es_MX\" \/>\n<meta property=\"og:type\" content=\"article\" \/>\n<meta property=\"og:title\" content=\"Values - powermediaservices\" \/>\n<meta property=\"og:description\" content=\"Our Values Our goal is to support businesses in achieving success by earning their trust through our guidance. Our Founder and President, Patricia Ladd, is a Latina immigrant and a woman of faith. She is motivated by integrity, empathy, and honesty to provide the best service to each of our customers. EXCELENCE PERSEVERANCE COMMITMENT SOLIDARITY\" \/>\n<meta property=\"og:url\" content=\"https:\/\/powermediaservices.net\/es\/values\/\" \/>\n<meta property=\"og:site_name\" content=\"powermediaservices\" \/>\n<meta property=\"article:publisher\" content=\"https:\/\/www.facebook.com\/PowerMediaandAssociates\" \/>\n<meta property=\"article:modified_time\" content=\"2023-11-23T12:23:02+00:00\" \/>\n<meta property=\"og:image\" content=\"https:\/\/powermediaservices.net\/wp-content\/uploads\/2023\/11\/v3-1.jpg\" \/>\n<meta name=\"twitter:card\" content=\"summary_large_image\" \/>\n<script type=\"application\/ld+json\" class=\"yoast-schema-graph\">{\"@context\":\"https:\\\/\\\/schema.org\",\"@graph\":[{\"@type\":\"WebPage\",\"@id\":\"https:\\\/\\\/powermediaservices.net\\\/values\\\/\",\"url\":\"https:\\\/\\\/powermediaservices.net\\\/values\\\/\",\"name\":\"Values - powermediaservices\",\"isPartOf\":{\"@id\":\"https:\\\/\\\/powermediaservices.net\\\/#website\"},\"primaryImageOfPage\":{\"@id\":\"https:\\\/\\\/powermediaservices.net\\\/values\\\/#primaryimage\"},\"image\":{\"@id\":\"https:\\\/\\\/powermediaservices.net\\\/values\\\/#primaryimage\"},\"thumbnailUrl\":\"https:\\\/\\\/powermediaservices.net\\\/wp-content\\\/uploads\\\/2023\\\/11\\\/v3-1.jpg\",\"datePublished\":\"2023-11-20T09:36:25+00:00\",\"dateModified\":\"2023-11-23T12:23:02+00:00\",\"breadcrumb\":{\"@id\":\"https:\\\/\\\/powermediaservices.net\\\/values\\\/#breadcrumb\"},\"inLanguage\":\"es\",\"potentialAction\":[{\"@type\":\"ReadAction\",\"target\":[\"https:\\\/\\\/powermediaservices.net\\\/values\\\/\"]}]},{\"@type\":\"ImageObject\",\"inLanguage\":\"es\",\"@id\":\"https:\\\/\\\/powermediaservices.net\\\/values\\\/#primaryimage\",\"url\":\"https:\\\/\\\/powermediaservices.net\\\/wp-content\\\/uploads\\\/2023\\\/11\\\/v3-1.jpg\",\"contentUrl\":\"https:\\\/\\\/powermediaservices.net\\\/wp-content\\\/uploads\\\/2023\\\/11\\\/v3-1.jpg\"},{\"@type\":\"BreadcrumbList\",\"@id\":\"https:\\\/\\\/powermediaservices.net\\\/values\\\/#breadcrumb\",\"itemListElement\":[{\"@type\":\"ListItem\",\"position\":1,\"name\":\"Home\",\"item\":\"https:\\\/\\\/powermediaservices.net\\\/\"},{\"@type\":\"ListItem\",\"position\":2,\"name\":\"Values\"}]},{\"@type\":\"WebSite\",\"@id\":\"https:\\\/\\\/powermediaservices.net\\\/#website\",\"url\":\"https:\\\/\\\/powermediaservices.net\\\/\",\"name\":\"powermediaservices\",\"description\":\"\",\"publisher\":{\"@id\":\"https:\\\/\\\/powermediaservices.net\\\/#organization\"},\"potentialAction\":[{\"@type\":\"SearchAction\",\"target\":{\"@type\":\"EntryPoint\",\"urlTemplate\":\"https:\\\/\\\/powermediaservices.net\\\/?s={search_term_string}\"},\"query-input\":{\"@type\":\"PropertyValueSpecification\",\"valueRequired\":true,\"valueName\":\"search_term_string\"}}],\"inLanguage\":\"es\"},{\"@type\":\"Organization\",\"@id\":\"https:\\\/\\\/powermediaservices.net\\\/#organization\",\"name\":\"powermediaservices\",\"url\":\"https:\\\/\\\/powermediaservices.net\\\/\",\"logo\":{\"@type\":\"ImageObject\",\"inLanguage\":\"es\",\"@id\":\"https:\\\/\\\/powermediaservices.net\\\/#\\\/schema\\\/logo\\\/image\\\/\",\"url\":\"https:\\\/\\\/powermediaservices.net\\\/wp-content\\\/uploads\\\/2023\\\/11\\\/Logo-pms.png\",\"contentUrl\":\"https:\\\/\\\/powermediaservices.net\\\/wp-content\\\/uploads\\\/2023\\\/11\\\/Logo-pms.png\",\"width\":543,\"height\":262,\"caption\":\"powermediaservices\"},\"image\":{\"@id\":\"https:\\\/\\\/powermediaservices.net\\\/#\\\/schema\\\/logo\\\/image\\\/\"},\"sameAs\":[\"https:\\\/\\\/www.facebook.com\\\/PowerMediaandAssociates\",\"https:\\\/\\\/www.linkedin.com\\\/in\\\/ladd\\\/\",\"https:\\\/\\\/www.youtube.com\\\/@powermediaandassociates6586\"]}]}<\/script>\n<!-- \/ Yoast SEO plugin. -->","yoast_head_json":{"title":"Values - powermediaservices","robots":{"index":"index","follow":"follow","max-snippet":"max-snippet:-1","max-image-preview":"max-image-preview:large","max-video-preview":"max-video-preview:-1"},"canonical":"https:\/\/powermediaservices.net\/es\/values\/","og_locale":"es_MX","og_type":"article","og_title":"Values - powermediaservices","og_description":"Our Values Our goal is to support businesses in achieving success by earning their trust through our guidance. Our Founder and President, Patricia Ladd, is a Latina immigrant and a woman of faith. She is motivated by integrity, empathy, and honesty to provide the best service to each of our customers. EXCELENCE PERSEVERANCE COMMITMENT SOLIDARITY","og_url":"https:\/\/powermediaservices.net\/es\/values\/","og_site_name":"powermediaservices","article_publisher":"https:\/\/www.facebook.com\/PowerMediaandAssociates","article_modified_time":"2023-11-23T12:23:02+00:00","og_image":[{"url":"https:\/\/powermediaservices.net\/wp-content\/uploads\/2023\/11\/v3-1.jpg","type":"","width":"","height":""}],"twitter_card":"summary_large_image","schema":{"@context":"https:\/\/schema.org","@graph":[{"@type":"WebPage","@id":"https:\/\/powermediaservices.net\/values\/","url":"https:\/\/powermediaservices.net\/values\/","name":"Values - powermediaservices","isPartOf":{"@id":"https:\/\/powermediaservices.net\/#website"},"primaryImageOfPage":{"@id":"https:\/\/powermediaservices.net\/values\/#primaryimage"},"image":{"@id":"https:\/\/powermediaservices.net\/values\/#primaryimage"},"thumbnailUrl":"https:\/\/powermediaservices.net\/wp-content\/uploads\/2023\/11\/v3-1.jpg","datePublished":"2023-11-20T09:36:25+00:00","dateModified":"2023-11-23T12:23:02+00:00","breadcrumb":{"@id":"https:\/\/powermediaservices.net\/values\/#breadcrumb"},"inLanguage":"es","potentialAction":[{"@type":"ReadAction","target":["https:\/\/powermediaservices.net\/values\/"]}]},{"@type":"ImageObject","inLanguage":"es","@id":"https:\/\/powermediaservices.net\/values\/#primaryimage","url":"https:\/\/powermediaservices.net\/wp-content\/uploads\/2023\/11\/v3-1.jpg","contentUrl":"https:\/\/powermediaservices.net\/wp-content\/uploads\/2023\/11\/v3-1.jpg"},{"@type":"BreadcrumbList","@id":"https:\/\/powermediaservices.net\/values\/#breadcrumb","itemListElement":[{"@type":"ListItem","position":1,"name":"Home","item":"https:\/\/powermediaservices.net\/"},{"@type":"ListItem","position":2,"name":"Values"}]},{"@type":"WebSite","@id":"https:\/\/powermediaservices.net\/#website","url":"https:\/\/powermediaservices.net\/","name":"powermediaservices","description":"","publisher":{"@id":"https:\/\/powermediaservices.net\/#organization"},"potentialAction":[{"@type":"SearchAction","target":{"@type":"EntryPoint","urlTemplate":"https:\/\/powermediaservices.net\/?s={search_term_string}"},"query-input":{"@type":"PropertyValueSpecification","valueRequired":true,"valueName":"search_term_string"}}],"inLanguage":"es"},{"@type":"Organization","@id":"https:\/\/powermediaservices.net\/#organization","name":"powermediaservices","url":"https:\/\/powermediaservices.net\/","logo":{"@type":"ImageObject","inLanguage":"es","@id":"https:\/\/powermediaservices.net\/#\/schema\/logo\/image\/","url":"https:\/\/powermediaservices.net\/wp-content\/uploads\/2023\/11\/Logo-pms.png","contentUrl":"https:\/\/powermediaservices.net\/wp-content\/uploads\/2023\/11\/Logo-pms.png","width":543,"height":262,"caption":"powermediaservices"},"image":{"@id":"https:\/\/powermediaservices.net\/#\/schema\/logo\/image\/"},"sameAs":["https:\/\/www.facebook.com\/PowerMediaandAssociates","https:\/\/www.linkedin.com\/in\/ladd\/","https:\/\/www.youtube.com\/@powermediaandassociates6586"]}]}},"_links":{"self":[{"href":"https:\/\/powermediaservices.net\/es\/wp-json\/wp\/v2\/pages\/448","targetHints":{"allow":["GET"]}}],"collection":[{"href":"https:\/\/powermediaservices.net\/es\/wp-json\/wp\/v2\/pages"}],"about":[{"href":"https:\/\/powermediaservices.net\/es\/wp-json\/wp\/v2\/types\/page"}],"author":[{"embeddable":true,"href":"https:\/\/powermediaservices.net\/es\/wp-json\/wp\/v2\/users\/1"}],"replies":[{"embeddable":true,"href":"https:\/\/powermediaservices.net\/es\/wp-json\/wp\/v2\/comments?post=448"}],"version-history":[{"count":26,"href":"https:\/\/powermediaservices.net\/es\/wp-json\/wp\/v2\/pages\/448\/revisions"}],"predecessor-version":[{"id":671,"href":"https:\/\/powermediaservices.net\/es\/wp-json\/wp\/v2\/pages\/448\/revisions\/671"}],"wp:attachment":[{"href":"https:\/\/powermediaservices.net\/es\/wp-json\/wp\/v2\/media?parent=448"}],"curies":[{"name":"wp","href":"https:\/\/api.w.org\/{rel}","templated":true}]}}