{"id":422,"date":"2023-11-18T14:05:52","date_gmt":"2023-11-18T14:05:52","guid":{"rendered":"https:\/\/powermediaservices.net\/?page_id=422"},"modified":"2023-11-20T18:32:43","modified_gmt":"2023-11-20T18:32:43","slug":"mision-vision","status":"publish","type":"page","link":"https:\/\/powermediaservices.net\/es\/mision-vision\/","title":{"rendered":"Mision &amp; Vision"},"content":{"rendered":"<div data-elementor-type=\"wp-page\" data-elementor-id=\"422\" class=\"elementor elementor-422\" data-elementor-post-type=\"page\">\n\t\t\t\t<div class=\"elementor-element elementor-element-1aa1159 e-flex e-con-boxed e-con e-parent\" data-id=\"1aa1159\" data-element_type=\"container\" data-e-type=\"container\" data-settings=\"{&quot;background_background&quot;:&quot;classic&quot;}\">\n\t\t\t\t\t<div class=\"e-con-inner\">\n\t\t<div class=\"elementor-element elementor-element-ba9694d e-con-full e-flex e-con e-child\" data-id=\"ba9694d\" data-element_type=\"container\" data-e-type=\"container\">\n\t\t\t\t<div class=\"elementor-element elementor-element-89a828d elementor-widget elementor-widget-heading\" data-id=\"89a828d\" data-element_type=\"widget\" data-e-type=\"widget\" data-widget_type=\"heading.default\">\n\t\t\t\t<div class=\"elementor-widget-container\">\n\t\t\t\t\t<h2 class=\"elementor-heading-title elementor-size-default\">Mision &amp; Vision<\/h2>\t\t\t\t<\/div>\n\t\t\t\t<\/div>\n\t\t\t\t<div class=\"elementor-element elementor-element-d3ee650 elementor-widget elementor-widget-progress\" data-id=\"d3ee650\" data-element_type=\"widget\" data-e-type=\"widget\" data-widget_type=\"progress.default\">\n\t\t\t\t<div class=\"elementor-widget-container\">\n\t\t\t\t\t\n\t\t<div class=\"elementor-progress-wrapper\" role=\"progressbar\" aria-valuemin=\"0\" aria-valuemax=\"100\" aria-valuenow=\"20\">\n\t\t\t<div class=\"elementor-progress-bar\" data-max=\"20\">\n\t\t\t\t<span class=\"elementor-progress-text\"><\/span>\n\t\t\t\t\t\t\t<\/div>\n\t\t<\/div>\n\t\t\t\t\t\t<\/div>\n\t\t\t\t<\/div>\n\t\t\t\t<div class=\"elementor-element elementor-element-4c89902 elementor-widget elementor-widget-text-editor\" data-id=\"4c89902\" data-element_type=\"widget\" data-e-type=\"widget\" data-widget_type=\"text-editor.default\">\n\t\t\t\t<div class=\"elementor-widget-container\">\n\t\t\t\t\t\t\t\t\t<p><strong>Bienvenidos a la Alimentaci\u00f3n de Servicios de Medios de comunicaci\u00f3n!<\/strong><\/p>\t\t\t\t\t\t\t\t<\/div>\n\t\t\t\t<\/div>\n\t\t\t\t<div class=\"elementor-element elementor-element-7884607 elementor-widget elementor-widget-text-editor\" data-id=\"7884607\" data-element_type=\"widget\" data-e-type=\"widget\" data-widget_type=\"text-editor.default\">\n\t\t\t\t<div class=\"elementor-widget-container\">\n\t\t\t\t\t\t\t\t\t<p>Nuestra prioridad es ayudar a su empresa a lograr un \u00e9xito sin precedentes por proporcionar soluciones a medida para superar cualquier reto. Nuestro equipo de expertos est\u00e1 comprometido con la comprensi\u00f3n de las necesidades de su negocio y la creaci\u00f3n personalizada de las estrategias que se alinean con sus objetivos.<\/p>\t\t\t\t\t\t\t\t<\/div>\n\t\t\t\t<\/div>\n\t\t\t\t<div class=\"elementor-element elementor-element-f276afb elementor-widget elementor-widget-text-editor\" data-id=\"f276afb\" data-element_type=\"widget\" data-e-type=\"widget\" data-widget_type=\"text-editor.default\">\n\t\t\t\t<div class=\"elementor-widget-container\">\n\t\t\t\t\t\t\t\t\t<p><strong>Nuestro enfoque integral incluye una amplia gama de servicios y herramientas dise\u00f1ado para optimizar las operaciones de su negocio, mejorar la participaci\u00f3n del cliente y aumentar los ingresos. Estamos dedicados a entregar resultados excepcionales y superar sus expectativas en cada paso del camino.<\/strong><\/p>\t\t\t\t\t\t\t\t<\/div>\n\t\t\t\t<\/div>\n\t\t\t\t<div class=\"elementor-element elementor-element-ef33735 elementor-widget elementor-widget-text-editor\" data-id=\"ef33735\" data-element_type=\"widget\" data-e-type=\"widget\" data-widget_type=\"text-editor.default\">\n\t\t\t\t<div class=\"elementor-widget-container\">\n\t\t\t\t\t\t\t\t\t<p>Perm\u00edtanos ayudarle a llevar su negocio a nuevas alturas! Nuestro equipo de expertos cree firmemente que mediante la utilizaci\u00f3n de nuestra experiencia, su empresa ser\u00e1 capaz de alcanzar su pleno potencial y establecer a s\u00ed mismo como un l\u00edder en su sector.<\/p>\t\t\t\t\t\t\t\t<\/div>\n\t\t\t\t<\/div>\n\t\t\t\t<div class=\"elementor-element elementor-element-19af451 elementor-widget elementor-widget-text-editor\" data-id=\"19af451\" data-element_type=\"widget\" data-e-type=\"widget\" data-widget_type=\"text-editor.default\">\n\t\t\t\t<div class=\"elementor-widget-container\">\n\t\t\t\t\t\t\t\t\t<p><strong>Estamos orgullosos de ayudar a nuestros clientes a superar los obst\u00e1culos y<\/strong><br \/><strong>alcanzar el \u00e9xito!<\/strong><\/p>\t\t\t\t\t\t\t\t<\/div>\n\t\t\t\t<\/div>\n\t\t\t\t<\/div>\n\t\t<div class=\"elementor-element elementor-element-cbd58f5 e-con-full e-flex e-con e-child\" data-id=\"cbd58f5\" data-element_type=\"container\" data-e-type=\"container\">\n\t\t\t\t<div class=\"elementor-element elementor-element-a8cc1a3 elementor-widget elementor-widget-video\" data-id=\"a8cc1a3\" data-element_type=\"widget\" data-e-type=\"widget\" data-settings=\"{&quot;youtube_url&quot;:&quot;https:\\\/\\\/www.youtube.com\\\/embed\\\/AxqxyTrtfj8&quot;,&quot;autoplay&quot;:&quot;yes&quot;,&quot;play_on_mobile&quot;:&quot;yes&quot;,&quot;video_type&quot;:&quot;youtube&quot;}\" data-widget_type=\"video.default\">\n\t\t\t\t<div class=\"elementor-widget-container\">\n\t\t\t\t\t\t\t<div class=\"elementor-wrapper elementor-open-inline\">\n\t\t\t<div class=\"elementor-video\"><\/div>\t\t<\/div>\n\t\t\t\t\t\t<\/div>\n\t\t\t\t<\/div>\n\t\t\t\t<\/div>\n\t\t\t\t\t<\/div>\n\t\t\t\t<\/div>\n\t\t\t\t<\/div>","protected":false},"excerpt":{"rendered":"<p>Mision &#038; Vision Welcome to Power Media Services! Our top priority is to help your business achieve unparalleled success by providing tailored solutions to overcome any challenges. Our team of experts is committed to understanding your business needs and creating personalized strategies that align with your goals. Our comprehensive approach includes a range of services [&hellip;]<\/p>\n","protected":false},"author":1,"featured_media":0,"parent":0,"menu_order":0,"comment_status":"closed","ping_status":"closed","template":"elementor_header_footer","meta":{"ocean_post_layout":"full-width","ocean_both_sidebars_style":"","ocean_both_sidebars_content_width":0,"ocean_both_sidebars_sidebars_width":0,"ocean_sidebar":"","ocean_second_sidebar":"","ocean_disable_margins":"on","ocean_add_body_class":"","ocean_shortcode_before_top_bar":"","ocean_shortcode_after_top_bar":"","ocean_shortcode_before_header":"","ocean_shortcode_after_header":"","ocean_has_shortcode":"","ocean_shortcode_after_title":"","ocean_shortcode_before_footer_widgets":"","ocean_shortcode_after_footer_widgets":"","ocean_shortcode_before_footer_bottom":"","ocean_shortcode_after_footer_bottom":"","ocean_display_top_bar":"default","ocean_display_header":"default","ocean_header_style":"","ocean_center_header_left_menu":"","ocean_custom_header_template":"","ocean_custom_logo":0,"ocean_custom_retina_logo":0,"ocean_custom_logo_max_width":0,"ocean_custom_logo_tablet_max_width":0,"ocean_custom_logo_mobile_max_width":0,"ocean_custom_logo_max_height":0,"ocean_custom_logo_tablet_max_height":0,"ocean_custom_logo_mobile_max_height":0,"ocean_header_custom_menu":"","ocean_menu_typo_font_family":"","ocean_menu_typo_font_subset":"","ocean_menu_typo_font_size":0,"ocean_menu_typo_font_size_tablet":0,"ocean_menu_typo_font_size_mobile":0,"ocean_menu_typo_font_size_unit":"px","ocean_menu_typo_font_weight":"","ocean_menu_typo_font_weight_tablet":"","ocean_menu_typo_font_weight_mobile":"","ocean_menu_typo_transform":"","ocean_menu_typo_transform_tablet":"","ocean_menu_typo_transform_mobile":"","ocean_menu_typo_line_height":0,"ocean_menu_typo_line_height_tablet":0,"ocean_menu_typo_line_height_mobile":0,"ocean_menu_typo_line_height_unit":"","ocean_menu_typo_spacing":0,"ocean_menu_typo_spacing_tablet":0,"ocean_menu_typo_spacing_mobile":0,"ocean_menu_typo_spacing_unit":"","ocean_menu_link_color":"","ocean_menu_link_color_hover":"","ocean_menu_link_color_active":"","ocean_menu_link_background":"","ocean_menu_link_hover_background":"","ocean_menu_link_active_background":"","ocean_menu_social_links_bg":"","ocean_menu_social_hover_links_bg":"","ocean_menu_social_links_color":"","ocean_menu_social_hover_links_color":"","ocean_disable_title":"on","ocean_disable_heading":"default","ocean_post_title":"","ocean_post_subheading":"","ocean_post_title_style":"","ocean_post_title_background_color":"","ocean_post_title_background":0,"ocean_post_title_bg_image_position":"","ocean_post_title_bg_image_attachment":"","ocean_post_title_bg_image_repeat":"","ocean_post_title_bg_image_size":"","ocean_post_title_height":0,"ocean_post_title_bg_overlay":0.5,"ocean_post_title_bg_overlay_color":"","ocean_disable_breadcrumbs":"off","ocean_breadcrumbs_color":"","ocean_breadcrumbs_separator_color":"","ocean_breadcrumbs_links_color":"","ocean_breadcrumbs_links_hover_color":"","ocean_display_footer_widgets":"default","ocean_display_footer_bottom":"default","ocean_custom_footer_template":"","footnotes":""},"class_list":["post-422","page","type-page","status-publish","hentry","entry","owp-thumbs-layout-horizontal","owp-btn-normal","owp-tabs-layout-horizontal","has-no-thumbnails","has-product-nav"],"yoast_head":"<!-- This site is optimized with the Yoast SEO plugin v27.0 - https:\/\/yoast.com\/product\/yoast-seo-wordpress\/ -->\n<title>Mision &amp; Vision - powermediaservices<\/title>\n<meta name=\"robots\" content=\"index, follow, max-snippet:-1, max-image-preview:large, max-video-preview:-1\" \/>\n<link rel=\"canonical\" href=\"https:\/\/powermediaservices.net\/es\/mision-vision\/\" \/>\n<meta property=\"og:locale\" content=\"es_MX\" \/>\n<meta property=\"og:type\" content=\"article\" \/>\n<meta property=\"og:title\" content=\"Mision &amp; Vision - powermediaservices\" \/>\n<meta property=\"og:description\" content=\"Mision &#038; Vision Welcome to Power Media Services! Our top priority is to help your business achieve unparalleled success by providing tailored solutions to overcome any challenges. Our team of experts is committed to understanding your business needs and creating personalized strategies that align with your goals. Our comprehensive approach includes a range of services [&hellip;]\" \/>\n<meta property=\"og:url\" content=\"https:\/\/powermediaservices.net\/es\/mision-vision\/\" \/>\n<meta property=\"og:site_name\" content=\"powermediaservices\" \/>\n<meta property=\"article:publisher\" content=\"https:\/\/www.facebook.com\/PowerMediaandAssociates\" \/>\n<meta property=\"article:modified_time\" content=\"2023-11-20T18:32:43+00:00\" \/>\n<meta name=\"twitter:card\" content=\"summary_large_image\" \/>\n<meta name=\"twitter:label1\" content=\"Tiempo de lectura\" \/>\n\t<meta name=\"twitter:data1\" content=\"1 minuto\" \/>\n<script type=\"application\/ld+json\" class=\"yoast-schema-graph\">{\"@context\":\"https:\/\/schema.org\",\"@graph\":[{\"@type\":\"WebPage\",\"@id\":\"https:\/\/powermediaservices.net\/mision-vision\/\",\"url\":\"https:\/\/powermediaservices.net\/mision-vision\/\",\"name\":\"Mision &amp; Vision - powermediaservices\",\"isPartOf\":{\"@id\":\"https:\/\/powermediaservices.net\/#website\"},\"datePublished\":\"2023-11-18T14:05:52+00:00\",\"dateModified\":\"2023-11-20T18:32:43+00:00\",\"breadcrumb\":{\"@id\":\"https:\/\/powermediaservices.net\/mision-vision\/#breadcrumb\"},\"inLanguage\":\"es\",\"potentialAction\":[{\"@type\":\"ReadAction\",\"target\":[\"https:\/\/powermediaservices.net\/mision-vision\/\"]}]},{\"@type\":\"BreadcrumbList\",\"@id\":\"https:\/\/powermediaservices.net\/mision-vision\/#breadcrumb\",\"itemListElement\":[{\"@type\":\"ListItem\",\"position\":1,\"name\":\"Home\",\"item\":\"https:\/\/powermediaservices.net\/\"},{\"@type\":\"ListItem\",\"position\":2,\"name\":\"Mision &amp; Vision\"}]},{\"@type\":\"WebSite\",\"@id\":\"https:\/\/powermediaservices.net\/#website\",\"url\":\"https:\/\/powermediaservices.net\/\",\"name\":\"powermediaservices\",\"description\":\"\",\"publisher\":{\"@id\":\"https:\/\/powermediaservices.net\/#organization\"},\"potentialAction\":[{\"@type\":\"SearchAction\",\"target\":{\"@type\":\"EntryPoint\",\"urlTemplate\":\"https:\/\/powermediaservices.net\/?s={search_term_string}\"},\"query-input\":{\"@type\":\"PropertyValueSpecification\",\"valueRequired\":true,\"valueName\":\"search_term_string\"}}],\"inLanguage\":\"es\"},{\"@type\":\"Organization\",\"@id\":\"https:\/\/powermediaservices.net\/#organization\",\"name\":\"powermediaservices\",\"url\":\"https:\/\/powermediaservices.net\/\",\"logo\":{\"@type\":\"ImageObject\",\"inLanguage\":\"es\",\"@id\":\"https:\/\/powermediaservices.net\/#\/schema\/logo\/image\/\",\"url\":\"https:\/\/powermediaservices.net\/wp-content\/uploads\/2023\/11\/Logo-pms.png\",\"contentUrl\":\"https:\/\/powermediaservices.net\/wp-content\/uploads\/2023\/11\/Logo-pms.png\",\"width\":543,\"height\":262,\"caption\":\"powermediaservices\"},\"image\":{\"@id\":\"https:\/\/powermediaservices.net\/#\/schema\/logo\/image\/\"},\"sameAs\":[\"https:\/\/www.facebook.com\/PowerMediaandAssociates\",\"https:\/\/www.linkedin.com\/in\/ladd\/\",\"https:\/\/www.youtube.com\/@powermediaandassociates6586\"]}]}<\/script>\n<!-- \/ Yoast SEO plugin. -->","yoast_head_json":{"title":"Mision &amp; Vision - powermediaservices","robots":{"index":"index","follow":"follow","max-snippet":"max-snippet:-1","max-image-preview":"max-image-preview:large","max-video-preview":"max-video-preview:-1"},"canonical":"https:\/\/powermediaservices.net\/es\/mision-vision\/","og_locale":"es_MX","og_type":"article","og_title":"Mision &amp; Vision - powermediaservices","og_description":"Mision &#038; Vision Welcome to Power Media Services! Our top priority is to help your business achieve unparalleled success by providing tailored solutions to overcome any challenges. Our team of experts is committed to understanding your business needs and creating personalized strategies that align with your goals. Our comprehensive approach includes a range of services [&hellip;]","og_url":"https:\/\/powermediaservices.net\/es\/mision-vision\/","og_site_name":"powermediaservices","article_publisher":"https:\/\/www.facebook.com\/PowerMediaandAssociates","article_modified_time":"2023-11-20T18:32:43+00:00","twitter_card":"summary_large_image","twitter_misc":{"Tiempo de lectura":"1 minuto"},"schema":{"@context":"https:\/\/schema.org","@graph":[{"@type":"WebPage","@id":"https:\/\/powermediaservices.net\/mision-vision\/","url":"https:\/\/powermediaservices.net\/mision-vision\/","name":"Mision &amp; Vision - powermediaservices","isPartOf":{"@id":"https:\/\/powermediaservices.net\/#website"},"datePublished":"2023-11-18T14:05:52+00:00","dateModified":"2023-11-20T18:32:43+00:00","breadcrumb":{"@id":"https:\/\/powermediaservices.net\/mision-vision\/#breadcrumb"},"inLanguage":"es","potentialAction":[{"@type":"ReadAction","target":["https:\/\/powermediaservices.net\/mision-vision\/"]}]},{"@type":"BreadcrumbList","@id":"https:\/\/powermediaservices.net\/mision-vision\/#breadcrumb","itemListElement":[{"@type":"ListItem","position":1,"name":"Home","item":"https:\/\/powermediaservices.net\/"},{"@type":"ListItem","position":2,"name":"Mision &amp; Vision"}]},{"@type":"WebSite","@id":"https:\/\/powermediaservices.net\/#website","url":"https:\/\/powermediaservices.net\/","name":"powermediaservices","description":"","publisher":{"@id":"https:\/\/powermediaservices.net\/#organization"},"potentialAction":[{"@type":"SearchAction","target":{"@type":"EntryPoint","urlTemplate":"https:\/\/powermediaservices.net\/?s={search_term_string}"},"query-input":{"@type":"PropertyValueSpecification","valueRequired":true,"valueName":"search_term_string"}}],"inLanguage":"es"},{"@type":"Organization","@id":"https:\/\/powermediaservices.net\/#organization","name":"powermediaservices","url":"https:\/\/powermediaservices.net\/","logo":{"@type":"ImageObject","inLanguage":"es","@id":"https:\/\/powermediaservices.net\/#\/schema\/logo\/image\/","url":"https:\/\/powermediaservices.net\/wp-content\/uploads\/2023\/11\/Logo-pms.png","contentUrl":"https:\/\/powermediaservices.net\/wp-content\/uploads\/2023\/11\/Logo-pms.png","width":543,"height":262,"caption":"powermediaservices"},"image":{"@id":"https:\/\/powermediaservices.net\/#\/schema\/logo\/image\/"},"sameAs":["https:\/\/www.facebook.com\/PowerMediaandAssociates","https:\/\/www.linkedin.com\/in\/ladd\/","https:\/\/www.youtube.com\/@powermediaandassociates6586"]}]}},"_links":{"self":[{"href":"https:\/\/powermediaservices.net\/es\/wp-json\/wp\/v2\/pages\/422","targetHints":{"allow":["GET"]}}],"collection":[{"href":"https:\/\/powermediaservices.net\/es\/wp-json\/wp\/v2\/pages"}],"about":[{"href":"https:\/\/powermediaservices.net\/es\/wp-json\/wp\/v2\/types\/page"}],"author":[{"embeddable":true,"href":"https:\/\/powermediaservices.net\/es\/wp-json\/wp\/v2\/users\/1"}],"replies":[{"embeddable":true,"href":"https:\/\/powermediaservices.net\/es\/wp-json\/wp\/v2\/comments?post=422"}],"version-history":[{"count":43,"href":"https:\/\/powermediaservices.net\/es\/wp-json\/wp\/v2\/pages\/422\/revisions"}],"predecessor-version":[{"id":574,"href":"https:\/\/powermediaservices.net\/es\/wp-json\/wp\/v2\/pages\/422\/revisions\/574"}],"wp:attachment":[{"href":"https:\/\/powermediaservices.net\/es\/wp-json\/wp\/v2\/media?parent=422"}],"curies":[{"name":"wp","href":"https:\/\/api.w.org\/{rel}","templated":true}]}}