{"id":400,"date":"2023-11-18T13:39:38","date_gmt":"2023-11-18T13:39:38","guid":{"rendered":"https:\/\/powermediaservices.net\/?page_id=400"},"modified":"2023-11-18T14:03:38","modified_gmt":"2023-11-18T14:03:38","slug":"story","status":"publish","type":"page","link":"https:\/\/powermediaservices.net\/es\/story\/","title":{"rendered":"Historia"},"content":{"rendered":"<div data-elementor-type=\"wp-page\" data-elementor-id=\"400\" class=\"elementor elementor-400\" data-elementor-post-type=\"page\">\n\t\t\t\t<div class=\"elementor-element elementor-element-d831710 e-flex e-con-boxed e-con e-parent\" data-id=\"d831710\" data-element_type=\"container\" data-e-type=\"container\" data-settings=\"{&quot;background_background&quot;:&quot;gradient&quot;}\">\n\t\t\t\t\t<div class=\"e-con-inner\">\n\t\t<div class=\"elementor-element elementor-element-e3b8747 e-con-full e-flex e-con e-child\" data-id=\"e3b8747\" data-element_type=\"container\" data-e-type=\"container\" data-settings=\"{&quot;background_background&quot;:&quot;classic&quot;}\">\n\t\t\t\t<div class=\"elementor-element elementor-element-3b43637 elementor-widget__width-initial elementor-widget elementor-widget-text-editor\" data-id=\"3b43637\" data-element_type=\"widget\" data-e-type=\"widget\" data-widget_type=\"text-editor.default\">\n\t\t\t\t<div class=\"elementor-widget-container\">\n\t\t\t\t\t\t\t\t\t<p>A lo largo de 21 a\u00f1os de\nexperiencia, la primera\nincubadora de empresas de\nSanta Clarita Valley \u00abPower\nMedia and Associates\u00bb gesta\nPOWER MEDIA SERVICES<\/p>\t\t\t\t\t\t\t\t<\/div>\n\t\t\t\t<\/div>\n\t\t\t\t<div class=\"elementor-element elementor-element-167a658 elementor-widget__width-initial elementor-widget elementor-widget-text-editor\" data-id=\"167a658\" data-element_type=\"widget\" data-e-type=\"widget\" data-widget_type=\"text-editor.default\">\n\t\t\t\t<div class=\"elementor-widget-container\">\n\t\t\t\t\t\t\t\t\tFirma de quien ejemplar compromiso con el latino\ncomunidad de negocios a trav\u00e9s del liderazgo y de servicios, est\u00e1 listo para impulsar tu negocio y te llevar\u00e1 al siguiente nivel de \u00e9xito, complementando el coaching de negocios que puede conducir a la ruta de acceso de su negocio, llevando de la mano a mano con los expertos para el crecimiento y la seguridad en el futuro.\t\t\t\t\t\t\t\t<\/div>\n\t\t\t\t<\/div>\n\t\t\t\t<div class=\"elementor-element elementor-element-5e306ce elementor-widget__width-initial elementor-widget elementor-widget-text-editor\" data-id=\"5e306ce\" data-element_type=\"widget\" data-e-type=\"widget\" data-widget_type=\"text-editor.default\">\n\t\t\t\t<div class=\"elementor-widget-container\">\n\t\t\t\t\t\t\t\t\tIts: LLEVANDO TU NEGOCIO A LA DIRECCI\u00d3N CORRECTA\t\t\t\t\t\t\t\t<\/div>\n\t\t\t\t<\/div>\n\t\t\t\t<\/div>\n\t\t<div class=\"elementor-element elementor-element-060f2a5 e-con-full e-flex e-con e-child\" data-id=\"060f2a5\" data-element_type=\"container\" data-e-type=\"container\">\n\t\t\t\t<div class=\"elementor-element elementor-element-6be2dc7 elementor-widget elementor-widget-heading\" data-id=\"6be2dc7\" data-element_type=\"widget\" data-e-type=\"widget\" data-widget_type=\"heading.default\">\n\t\t\t\t<div class=\"elementor-widget-container\">\n\t\t\t\t\t<h2 class=\"elementor-heading-title elementor-size-default\">Nuestra Historia<\/h2>\t\t\t\t<\/div>\n\t\t\t\t<\/div>\n\t\t\t\t<\/div>\n\t\t\t\t\t<\/div>\n\t\t\t\t<\/div>\n\t\t\t\t<\/div>","protected":false},"excerpt":{"rendered":"<p>Along 21 years of experience the first business incubator in Santa Clarita Valley \u201cPower Media and Associates\u201d gestates POWER MEDIA SERVICES. Firm whom exemplary commitment with the latino business community trough it\u2019s leadership and services, is ready to boost your business and lead you to the next success level, complementing the business coaching that can [&hellip;]<\/p>\n","protected":false},"author":1,"featured_media":0,"parent":0,"menu_order":0,"comment_status":"closed","ping_status":"closed","template":"elementor_header_footer","meta":{"ocean_post_layout":"full-width","ocean_both_sidebars_style":"","ocean_both_sidebars_content_width":0,"ocean_both_sidebars_sidebars_width":0,"ocean_sidebar":"","ocean_second_sidebar":"","ocean_disable_margins":"on","ocean_add_body_class":"","ocean_shortcode_before_top_bar":"","ocean_shortcode_after_top_bar":"","ocean_shortcode_before_header":"","ocean_shortcode_after_header":"","ocean_has_shortcode":"","ocean_shortcode_after_title":"","ocean_shortcode_before_footer_widgets":"","ocean_shortcode_after_footer_widgets":"","ocean_shortcode_before_footer_bottom":"","ocean_shortcode_after_footer_bottom":"","ocean_display_top_bar":"default","ocean_display_header":"default","ocean_header_style":"","ocean_center_header_left_menu":"","ocean_custom_header_template":"","ocean_custom_logo":0,"ocean_custom_retina_logo":0,"ocean_custom_logo_max_width":0,"ocean_custom_logo_tablet_max_width":0,"ocean_custom_logo_mobile_max_width":0,"ocean_custom_logo_max_height":0,"ocean_custom_logo_tablet_max_height":0,"ocean_custom_logo_mobile_max_height":0,"ocean_header_custom_menu":"","ocean_menu_typo_font_family":"","ocean_menu_typo_font_subset":"","ocean_menu_typo_font_size":0,"ocean_menu_typo_font_size_tablet":0,"ocean_menu_typo_font_size_mobile":0,"ocean_menu_typo_font_size_unit":"px","ocean_menu_typo_font_weight":"","ocean_menu_typo_font_weight_tablet":"","ocean_menu_typo_font_weight_mobile":"","ocean_menu_typo_transform":"","ocean_menu_typo_transform_tablet":"","ocean_menu_typo_transform_mobile":"","ocean_menu_typo_line_height":0,"ocean_menu_typo_line_height_tablet":0,"ocean_menu_typo_line_height_mobile":0,"ocean_menu_typo_line_height_unit":"","ocean_menu_typo_spacing":0,"ocean_menu_typo_spacing_tablet":0,"ocean_menu_typo_spacing_mobile":0,"ocean_menu_typo_spacing_unit":"","ocean_menu_link_color":"","ocean_menu_link_color_hover":"","ocean_menu_link_color_active":"","ocean_menu_link_background":"","ocean_menu_link_hover_background":"","ocean_menu_link_active_background":"","ocean_menu_social_links_bg":"","ocean_menu_social_hover_links_bg":"","ocean_menu_social_links_color":"","ocean_menu_social_hover_links_color":"","ocean_disable_title":"on","ocean_disable_heading":"default","ocean_post_title":"","ocean_post_subheading":"","ocean_post_title_style":"","ocean_post_title_background_color":"","ocean_post_title_background":0,"ocean_post_title_bg_image_position":"","ocean_post_title_bg_image_attachment":"","ocean_post_title_bg_image_repeat":"","ocean_post_title_bg_image_size":"","ocean_post_title_height":0,"ocean_post_title_bg_overlay":0.5,"ocean_post_title_bg_overlay_color":"","ocean_disable_breadcrumbs":"off","ocean_breadcrumbs_color":"","ocean_breadcrumbs_separator_color":"","ocean_breadcrumbs_links_color":"","ocean_breadcrumbs_links_hover_color":"","ocean_display_footer_widgets":"default","ocean_display_footer_bottom":"default","ocean_custom_footer_template":"","footnotes":""},"class_list":["post-400","page","type-page","status-publish","hentry","entry","owp-thumbs-layout-horizontal","owp-btn-normal","owp-tabs-layout-horizontal","has-no-thumbnails","has-product-nav"],"yoast_head":"<!-- This site is optimized with the Yoast SEO plugin v27.0 - https:\/\/yoast.com\/product\/yoast-seo-wordpress\/ -->\n<title>Story - powermediaservices<\/title>\n<meta name=\"robots\" content=\"index, follow, max-snippet:-1, max-image-preview:large, max-video-preview:-1\" \/>\n<link rel=\"canonical\" href=\"https:\/\/powermediaservices.net\/es\/story\/\" \/>\n<meta property=\"og:locale\" content=\"es_MX\" \/>\n<meta property=\"og:type\" content=\"article\" \/>\n<meta property=\"og:title\" content=\"Story - powermediaservices\" \/>\n<meta property=\"og:description\" content=\"Along 21 years of experience the first business incubator in Santa Clarita Valley \u201cPower Media and Associates\u201d gestates POWER MEDIA SERVICES. Firm whom exemplary commitment with the latino business community trough it\u2019s leadership and services, is ready to boost your business and lead you to the next success level, complementing the business coaching that can [&hellip;]\" \/>\n<meta property=\"og:url\" content=\"https:\/\/powermediaservices.net\/es\/story\/\" \/>\n<meta property=\"og:site_name\" content=\"powermediaservices\" \/>\n<meta property=\"article:publisher\" content=\"https:\/\/www.facebook.com\/PowerMediaandAssociates\" \/>\n<meta property=\"article:modified_time\" content=\"2023-11-18T14:03:38+00:00\" \/>\n<meta name=\"twitter:card\" content=\"summary_large_image\" \/>\n<script type=\"application\/ld+json\" class=\"yoast-schema-graph\">{\"@context\":\"https:\/\/schema.org\",\"@graph\":[{\"@type\":\"WebPage\",\"@id\":\"https:\/\/powermediaservices.net\/story\/\",\"url\":\"https:\/\/powermediaservices.net\/story\/\",\"name\":\"Story - powermediaservices\",\"isPartOf\":{\"@id\":\"https:\/\/powermediaservices.net\/#website\"},\"datePublished\":\"2023-11-18T13:39:38+00:00\",\"dateModified\":\"2023-11-18T14:03:38+00:00\",\"breadcrumb\":{\"@id\":\"https:\/\/powermediaservices.net\/story\/#breadcrumb\"},\"inLanguage\":\"es\",\"potentialAction\":[{\"@type\":\"ReadAction\",\"target\":[\"https:\/\/powermediaservices.net\/story\/\"]}]},{\"@type\":\"BreadcrumbList\",\"@id\":\"https:\/\/powermediaservices.net\/story\/#breadcrumb\",\"itemListElement\":[{\"@type\":\"ListItem\",\"position\":1,\"name\":\"Home\",\"item\":\"https:\/\/powermediaservices.net\/\"},{\"@type\":\"ListItem\",\"position\":2,\"name\":\"Story\"}]},{\"@type\":\"WebSite\",\"@id\":\"https:\/\/powermediaservices.net\/#website\",\"url\":\"https:\/\/powermediaservices.net\/\",\"name\":\"powermediaservices\",\"description\":\"\",\"publisher\":{\"@id\":\"https:\/\/powermediaservices.net\/#organization\"},\"potentialAction\":[{\"@type\":\"SearchAction\",\"target\":{\"@type\":\"EntryPoint\",\"urlTemplate\":\"https:\/\/powermediaservices.net\/?s={search_term_string}\"},\"query-input\":{\"@type\":\"PropertyValueSpecification\",\"valueRequired\":true,\"valueName\":\"search_term_string\"}}],\"inLanguage\":\"es\"},{\"@type\":\"Organization\",\"@id\":\"https:\/\/powermediaservices.net\/#organization\",\"name\":\"powermediaservices\",\"url\":\"https:\/\/powermediaservices.net\/\",\"logo\":{\"@type\":\"ImageObject\",\"inLanguage\":\"es\",\"@id\":\"https:\/\/powermediaservices.net\/#\/schema\/logo\/image\/\",\"url\":\"https:\/\/powermediaservices.net\/wp-content\/uploads\/2023\/11\/Logo-pms.png\",\"contentUrl\":\"https:\/\/powermediaservices.net\/wp-content\/uploads\/2023\/11\/Logo-pms.png\",\"width\":543,\"height\":262,\"caption\":\"powermediaservices\"},\"image\":{\"@id\":\"https:\/\/powermediaservices.net\/#\/schema\/logo\/image\/\"},\"sameAs\":[\"https:\/\/www.facebook.com\/PowerMediaandAssociates\",\"https:\/\/www.linkedin.com\/in\/ladd\/\",\"https:\/\/www.youtube.com\/@powermediaandassociates6586\"]}]}<\/script>\n<!-- \/ Yoast SEO plugin. -->","yoast_head_json":{"title":"Story - powermediaservices","robots":{"index":"index","follow":"follow","max-snippet":"max-snippet:-1","max-image-preview":"max-image-preview:large","max-video-preview":"max-video-preview:-1"},"canonical":"https:\/\/powermediaservices.net\/es\/story\/","og_locale":"es_MX","og_type":"article","og_title":"Story - powermediaservices","og_description":"Along 21 years of experience the first business incubator in Santa Clarita Valley \u201cPower Media and Associates\u201d gestates POWER MEDIA SERVICES. Firm whom exemplary commitment with the latino business community trough it\u2019s leadership and services, is ready to boost your business and lead you to the next success level, complementing the business coaching that can [&hellip;]","og_url":"https:\/\/powermediaservices.net\/es\/story\/","og_site_name":"powermediaservices","article_publisher":"https:\/\/www.facebook.com\/PowerMediaandAssociates","article_modified_time":"2023-11-18T14:03:38+00:00","twitter_card":"summary_large_image","schema":{"@context":"https:\/\/schema.org","@graph":[{"@type":"WebPage","@id":"https:\/\/powermediaservices.net\/story\/","url":"https:\/\/powermediaservices.net\/story\/","name":"Story - powermediaservices","isPartOf":{"@id":"https:\/\/powermediaservices.net\/#website"},"datePublished":"2023-11-18T13:39:38+00:00","dateModified":"2023-11-18T14:03:38+00:00","breadcrumb":{"@id":"https:\/\/powermediaservices.net\/story\/#breadcrumb"},"inLanguage":"es","potentialAction":[{"@type":"ReadAction","target":["https:\/\/powermediaservices.net\/story\/"]}]},{"@type":"BreadcrumbList","@id":"https:\/\/powermediaservices.net\/story\/#breadcrumb","itemListElement":[{"@type":"ListItem","position":1,"name":"Home","item":"https:\/\/powermediaservices.net\/"},{"@type":"ListItem","position":2,"name":"Story"}]},{"@type":"WebSite","@id":"https:\/\/powermediaservices.net\/#website","url":"https:\/\/powermediaservices.net\/","name":"powermediaservices","description":"","publisher":{"@id":"https:\/\/powermediaservices.net\/#organization"},"potentialAction":[{"@type":"SearchAction","target":{"@type":"EntryPoint","urlTemplate":"https:\/\/powermediaservices.net\/?s={search_term_string}"},"query-input":{"@type":"PropertyValueSpecification","valueRequired":true,"valueName":"search_term_string"}}],"inLanguage":"es"},{"@type":"Organization","@id":"https:\/\/powermediaservices.net\/#organization","name":"powermediaservices","url":"https:\/\/powermediaservices.net\/","logo":{"@type":"ImageObject","inLanguage":"es","@id":"https:\/\/powermediaservices.net\/#\/schema\/logo\/image\/","url":"https:\/\/powermediaservices.net\/wp-content\/uploads\/2023\/11\/Logo-pms.png","contentUrl":"https:\/\/powermediaservices.net\/wp-content\/uploads\/2023\/11\/Logo-pms.png","width":543,"height":262,"caption":"powermediaservices"},"image":{"@id":"https:\/\/powermediaservices.net\/#\/schema\/logo\/image\/"},"sameAs":["https:\/\/www.facebook.com\/PowerMediaandAssociates","https:\/\/www.linkedin.com\/in\/ladd\/","https:\/\/www.youtube.com\/@powermediaandassociates6586"]}]}},"_links":{"self":[{"href":"https:\/\/powermediaservices.net\/es\/wp-json\/wp\/v2\/pages\/400","targetHints":{"allow":["GET"]}}],"collection":[{"href":"https:\/\/powermediaservices.net\/es\/wp-json\/wp\/v2\/pages"}],"about":[{"href":"https:\/\/powermediaservices.net\/es\/wp-json\/wp\/v2\/types\/page"}],"author":[{"embeddable":true,"href":"https:\/\/powermediaservices.net\/es\/wp-json\/wp\/v2\/users\/1"}],"replies":[{"embeddable":true,"href":"https:\/\/powermediaservices.net\/es\/wp-json\/wp\/v2\/comments?post=400"}],"version-history":[{"count":16,"href":"https:\/\/powermediaservices.net\/es\/wp-json\/wp\/v2\/pages\/400\/revisions"}],"predecessor-version":[{"id":421,"href":"https:\/\/powermediaservices.net\/es\/wp-json\/wp\/v2\/pages\/400\/revisions\/421"}],"wp:attachment":[{"href":"https:\/\/powermediaservices.net\/es\/wp-json\/wp\/v2\/media?parent=400"}],"curies":[{"name":"wp","href":"https:\/\/api.w.org\/{rel}","templated":true}]}}