{"id":1437,"date":"2025-08-21T18:37:30","date_gmt":"2025-08-21T18:37:30","guid":{"rendered":"https:\/\/powermediaservices.net\/cart\/"},"modified":"2025-08-27T21:28:23","modified_gmt":"2025-08-27T21:28:23","slug":"cart","status":"publish","type":"page","link":"https:\/\/powermediaservices.net\/es\/cart\/","title":{"rendered":"Cart"},"content":{"rendered":"<div data-block-name=\"woocommerce\/cart\" class=\"wp-block-woocommerce-cart alignwide is-loading\">\r\n<div data-block-name=\"woocommerce\/filled-cart-block\" class=\"wp-block-woocommerce-filled-cart-block\">\r\n<div data-block-name=\"woocommerce\/cart-items-block\" class=\"wp-block-woocommerce-cart-items-block\">\r\n<div data-block-name=\"woocommerce\/cart-line-items-block\" class=\"wp-block-woocommerce-cart-line-items-block\">\u00a0<\/div>\r\n\r\n\r\n\r\n<div data-block-name=\"woocommerce\/cart-cross-sells-block\" class=\"wp-block-woocommerce-cart-cross-sells-block\">\r\n<h2 class=\"wp-block-heading has-large-font-size\">You may be interested in\u2026<\/h2>\r\n\r\n\r\n\r\n<div data-block-name=\"woocommerce\/cart-cross-sells-products-block\" class=\"wp-block-woocommerce-cart-cross-sells-products-block\">\u00a0<\/div>\r\n<\/div>\r\n<\/div>\r\n\r\n\r\n\r\n<div data-block-name=\"woocommerce\/cart-totals-block\" class=\"wp-block-woocommerce-cart-totals-block\">\r\n<div data-block-name=\"woocommerce\/cart-order-summary-block\" class=\"wp-block-woocommerce-cart-order-summary-block\">\r\n<div data-block-name=\"woocommerce\/cart-order-summary-heading-block\" class=\"wp-block-woocommerce-cart-order-summary-heading-block\">\u00a0<\/div>\r\n\r\n\r\n\r\n<div data-block-name=\"woocommerce\/cart-order-summary-coupon-form-block\" class=\"wp-block-woocommerce-cart-order-summary-coupon-form-block\">\u00a0<\/div>\r\n\r\n\r\n\r\n\r\n\r\n\r\n\r\n\r\n\r\n\r\n\r\n\r\n\r\n\r\n\r\n\r\n\r\n\r\n\r\n<div data-block-name=\"woocommerce\/cart-order-summary-totals-block\" class=\"wp-block-woocommerce-cart-order-summary-totals-block\">\n<div data-block-name=\"woocommerce\/cart-order-summary-subtotal-block\" class=\"wp-block-woocommerce-cart-order-summary-subtotal-block\">\u00a0<\/div>\n<div data-block-name=\"woocommerce\/cart-order-summary-discount-block\" class=\"wp-block-woocommerce-cart-order-summary-discount-block\">\u00a0<\/div>\n<div data-block-name=\"woocommerce\/cart-order-summary-fee-block\" class=\"wp-block-woocommerce-cart-order-summary-fee-block\">\u00a0<\/div>\n<div data-block-name=\"woocommerce\/cart-order-summary-shipping-block\" class=\"wp-block-woocommerce-cart-order-summary-shipping-block\">\u00a0<\/div>\n<div data-block-name=\"woocommerce\/cart-order-summary-taxes-block\" class=\"wp-block-woocommerce-cart-order-summary-taxes-block\">\u00a0<\/div><\/div>\r\n<\/div>\r\n\r\n\r\n\r\n<div data-block-name=\"woocommerce\/cart-express-payment-block\" class=\"wp-block-woocommerce-cart-express-payment-block\">\u00a0<\/div>\r\n\r\n\r\n\r\n<div data-block-name=\"woocommerce\/proceed-to-checkout-block\" class=\"wp-block-woocommerce-proceed-to-checkout-block\">\u00a0<\/div>\r\n\r\n\r\n\r\n<div data-block-name=\"woocommerce\/cart-accepted-payment-methods-block\" class=\"wp-block-woocommerce-cart-accepted-payment-methods-block\">\u00a0<\/div>\r\n<\/div>\r\n<\/div>\r\n\r\n\r\n\r\n<div data-block-name=\"woocommerce\/empty-cart-block\" class=\"wp-block-woocommerce-empty-cart-block\">\r\n<h2 class=\"wp-block-heading has-text-align-center with-empty-cart-icon wc-block-cart__empty-cart__title\">Your cart is currently empty!<\/h2>\r\n\r\n\r\n<hr class=\"wp-block-separator has-alpha-channel-opacity is-style-dots\" \/>\r\n\r\n\r\n<h2 class=\"wp-block-heading has-text-align-center\">New in store<\/h2>\r\n\r\n\r\n<div data-block-name=\"woocommerce\/product-new\" data-columns=\"4\" data-rows=\"1\" class=\"wc-block-grid wp-block-product-new wp-block-woocommerce-product-new wc-block-product-new has-4-columns\"><ul class=\"wc-block-grid__products\"><li class=\"wc-block-grid__product\">\n\t\t\t\t<a href=\"https:\/\/powermediaservices.net\/es\/producto\/negocios-con-proposito-vol-1-por-patricia-lara-ladd\/\" class=\"wc-block-grid__product-link\">\n\t\t\t\t\t\n\t\t\t\t\t<div class=\"wc-block-grid__product-image\"><img fetchpriority=\"high\" decoding=\"async\" width=\"300\" height=\"300\" src=\"https:\/\/powermediaservices.net\/wp-content\/uploads\/2025\/08\/libro-png-300x300.jpg\" class=\"attachment-woocommerce_thumbnail size-woocommerce_thumbnail\" alt=\"portada del libro de Patricia\" srcset=\"https:\/\/powermediaservices.net\/wp-content\/uploads\/2025\/08\/libro-png-300x300.jpg 300w, https:\/\/powermediaservices.net\/wp-content\/uploads\/2025\/08\/libro-png-100x100.jpg 100w, https:\/\/powermediaservices.net\/wp-content\/uploads\/2025\/08\/libro-png-150x150.jpg 150w, https:\/\/powermediaservices.net\/wp-content\/uploads\/2025\/08\/libro-png-600x600.jpg 600w\" sizes=\"(max-width: 300px) 100vw, 300px\" \/><\/div>\n\t\t\t\t\t<div class=\"wc-block-grid__product-title\">NEGOCIOS CON PROP\u00d3SITO VOL 1 POR Patricia Lara Ladd<\/div>\n\t\t\t\t<\/a>\n\t\t\t\t<div class=\"wc-block-grid__product-price price\"><span class=\"woocommerce-Price-amount amount\" aria-hidden=\"true\"><span class=\"woocommerce-Price-currencySymbol\">&#036;<\/span>14.99<\/span> <span aria-hidden=\"true\">&ndash;<\/span> <span class=\"woocommerce-Price-amount amount\" aria-hidden=\"true\"><span class=\"woocommerce-Price-currencySymbol\">&#036;<\/span>19.99<\/span><span class=\"screen-reader-text\" data-no-translation=\"\" data-trp-gettext=\"\">Price range: &#036;14.99 through &#036;19.99<\/span><\/div>\n\t\t\t\t\n\t\t\t\t<div class=\"wp-block-button wc-block-grid__product-add-to-cart\"><a href=\"https:\/\/powermediaservices.net\/es\/producto\/negocios-con-proposito-vol-1-por-patricia-lara-ladd\/\" aria-label=\"Elige las opciones para \u201cNEGOCIOS CON PROP\u00d3SITO VOL 1 POR Patricia Lara Ladd\u201d\" data-quantity=\"1\" data-product_id=\"1554\" data-product_sku=\"BOOK-SPA-2025-1\" data-price=\"14.99\" rel=\"nofollow\" class=\"wp-block-button__link  add_to_cart_button\" data-no-translation=\"\" data-trp-gettext=\"\" data-no-translation-aria-label=\"\">Seleccionar opciones<\/a><\/div>\n\t\t\t<\/li><li class=\"wc-block-grid__product\">\n\t\t\t\t<a href=\"https:\/\/powermediaservices.net\/es\/producto\/negocios-con-proposito-volumen-2-tu-guia-para-el-exito-empresarial-por-patricia-lara-ladd\/\" class=\"wc-block-grid__product-link\">\n\t\t\t\t\t\n\t\t\t\t\t<div class=\"wc-block-grid__product-image\"><img decoding=\"async\" width=\"300\" height=\"300\" src=\"https:\/\/powermediaservices.net\/wp-content\/uploads\/2026\/02\/Mockup_1_Patricia_Lara-1-300x300.png\" class=\"attachment-woocommerce_thumbnail size-woocommerce_thumbnail\" alt=\"VOL 2\" srcset=\"https:\/\/powermediaservices.net\/wp-content\/uploads\/2026\/02\/Mockup_1_Patricia_Lara-1-300x300.png 300w, https:\/\/powermediaservices.net\/wp-content\/uploads\/2026\/02\/Mockup_1_Patricia_Lara-1-150x150.png 150w, https:\/\/powermediaservices.net\/wp-content\/uploads\/2026\/02\/Mockup_1_Patricia_Lara-1-768x768.png 768w, https:\/\/powermediaservices.net\/wp-content\/uploads\/2026\/02\/Mockup_1_Patricia_Lara-1-12x12.png 12w, https:\/\/powermediaservices.net\/wp-content\/uploads\/2026\/02\/Mockup_1_Patricia_Lara-1-600x600.png 600w, https:\/\/powermediaservices.net\/wp-content\/uploads\/2026\/02\/Mockup_1_Patricia_Lara-1-100x100.png 100w, https:\/\/powermediaservices.net\/wp-content\/uploads\/2026\/02\/Mockup_1_Patricia_Lara-1.png 800w\" sizes=\"(max-width: 300px) 100vw, 300px\" \/><\/div>\n\t\t\t\t\t<div class=\"wc-block-grid__product-title\">Negocios Con Prop\u00f3sito Volumen 2: T\u00fa Gu\u00eda Para El \u00c9xito Empresarial Por Patricia Lara Ladd<\/div>\n\t\t\t\t<\/a>\n\t\t\t\t<div class=\"wc-block-grid__product-price price\"><span class=\"woocommerce-Price-amount amount\"><span class=\"woocommerce-Price-currencySymbol\">&#036;<\/span>19.99<\/span><\/div>\n\t\t\t\t\n\t\t\t\t<div class=\"wp-block-button wc-block-grid__product-add-to-cart\"><a href=\"\/es\/wp-json\/wp\/v2\/pages\/1437?add-to-cart=1551\" aria-label=\"Add to cart: \u201cNegocios Con Prop\u00f3sito Volumen 2: T\u00fa Gu\u00eda Para El \u00c9xito Empresarial Por Patricia Lara Ladd\u201d\" data-quantity=\"1\" data-product_id=\"1551\" data-product_sku=\"BOOK-SPA-2026-02\" data-price=\"19.99\" rel=\"nofollow\" class=\"wp-block-button__link  add_to_cart_button ajax_add_to_cart\" data-no-translation=\"\" data-trp-gettext=\"\" data-no-translation-aria-label=\"\">A\u00f1adir al carrito<\/a><\/div>\n\t\t\t<\/li><\/ul><\/div><\/div>\r\n<\/div>","protected":false},"excerpt":{"rendered":"","protected":false},"author":1,"featured_media":0,"parent":0,"menu_order":0,"comment_status":"closed","ping_status":"closed","template":"","meta":{"ocean_post_layout":"full-width","ocean_both_sidebars_style":"","ocean_both_sidebars_content_width":0,"ocean_both_sidebars_sidebars_width":0,"ocean_sidebar":"0","ocean_second_sidebar":"0","ocean_disable_margins":"enable","ocean_add_body_class":"","ocean_shortcode_before_top_bar":"","ocean_shortcode_after_top_bar":"","ocean_shortcode_before_header":"","ocean_shortcode_after_header":"","ocean_has_shortcode":"","ocean_shortcode_after_title":"","ocean_shortcode_before_footer_widgets":"","ocean_shortcode_after_footer_widgets":"","ocean_shortcode_before_footer_bottom":"","ocean_shortcode_after_footer_bottom":"","ocean_display_top_bar":"default","ocean_display_header":"default","ocean_header_style":"","ocean_center_header_left_menu":"0","ocean_custom_header_template":"0","ocean_custom_logo":0,"ocean_custom_retina_logo":0,"ocean_custom_logo_max_width":0,"ocean_custom_logo_tablet_max_width":0,"ocean_custom_logo_mobile_max_width":0,"ocean_custom_logo_max_height":0,"ocean_custom_logo_tablet_max_height":0,"ocean_custom_logo_mobile_max_height":0,"ocean_header_custom_menu":"0","ocean_menu_typo_font_family":"0","ocean_menu_typo_font_subset":"","ocean_menu_typo_font_size":0,"ocean_menu_typo_font_size_tablet":0,"ocean_menu_typo_font_size_mobile":0,"ocean_menu_typo_font_size_unit":"px","ocean_menu_typo_font_weight":"","ocean_menu_typo_font_weight_tablet":"","ocean_menu_typo_font_weight_mobile":"","ocean_menu_typo_transform":"","ocean_menu_typo_transform_tablet":"","ocean_menu_typo_transform_mobile":"","ocean_menu_typo_line_height":0,"ocean_menu_typo_line_height_tablet":0,"ocean_menu_typo_line_height_mobile":0,"ocean_menu_typo_line_height_unit":"","ocean_menu_typo_spacing":0,"ocean_menu_typo_spacing_tablet":0,"ocean_menu_typo_spacing_mobile":0,"ocean_menu_typo_spacing_unit":"","ocean_menu_link_color":"","ocean_menu_link_color_hover":"","ocean_menu_link_color_active":"","ocean_menu_link_background":"","ocean_menu_link_hover_background":"","ocean_menu_link_active_background":"","ocean_menu_social_links_bg":"","ocean_menu_social_hover_links_bg":"","ocean_menu_social_links_color":"","ocean_menu_social_hover_links_color":"","ocean_disable_title":"default","ocean_disable_heading":"default","ocean_post_title":"","ocean_post_subheading":"","ocean_post_title_style":"","ocean_post_title_background_color":"","ocean_post_title_background":0,"ocean_post_title_bg_image_position":"","ocean_post_title_bg_image_attachment":"","ocean_post_title_bg_image_repeat":"","ocean_post_title_bg_image_size":"","ocean_post_title_height":0,"ocean_post_title_bg_overlay":0.5,"ocean_post_title_bg_overlay_color":"","ocean_disable_breadcrumbs":"off","ocean_breadcrumbs_color":"","ocean_breadcrumbs_separator_color":"","ocean_breadcrumbs_links_color":"","ocean_breadcrumbs_links_hover_color":"","ocean_display_footer_widgets":"default","ocean_display_footer_bottom":"default","ocean_custom_footer_template":"0","footnotes":""},"class_list":["post-1437","page","type-page","status-publish","hentry","entry","owp-thumbs-layout-horizontal","owp-btn-normal","owp-tabs-layout-horizontal","has-no-thumbnails","has-product-nav"],"yoast_head":"<!-- This site is optimized with the Yoast SEO plugin v27.0 - https:\/\/yoast.com\/product\/yoast-seo-wordpress\/ -->\n<title>Cart - powermediaservices<\/title>\n<meta name=\"robots\" content=\"index, follow, max-snippet:-1, max-image-preview:large, max-video-preview:-1\" \/>\n<link rel=\"canonical\" href=\"https:\/\/powermediaservices.net\/es\/cart\/\" \/>\n<meta property=\"og:locale\" content=\"es_MX\" \/>\n<meta property=\"og:type\" content=\"article\" \/>\n<meta property=\"og:title\" content=\"Cart - powermediaservices\" \/>\n<meta property=\"og:url\" content=\"https:\/\/powermediaservices.net\/es\/cart\/\" \/>\n<meta property=\"og:site_name\" content=\"powermediaservices\" \/>\n<meta property=\"article:publisher\" content=\"https:\/\/www.facebook.com\/PowerMediaandAssociates\" \/>\n<meta property=\"article:modified_time\" content=\"2025-08-27T21:28:23+00:00\" \/>\n<meta name=\"twitter:card\" content=\"summary_large_image\" \/>\n<meta name=\"twitter:label1\" content=\"Tiempo de lectura\" \/>\n\t<meta name=\"twitter:data1\" content=\"1 minuto\" \/>\n<script type=\"application\/ld+json\" class=\"yoast-schema-graph\">{\"@context\":\"https:\/\/schema.org\",\"@graph\":[{\"@type\":\"WebPage\",\"@id\":\"https:\/\/powermediaservices.net\/cart\/\",\"url\":\"https:\/\/powermediaservices.net\/cart\/\",\"name\":\"Cart - powermediaservices\",\"isPartOf\":{\"@id\":\"https:\/\/powermediaservices.net\/#website\"},\"datePublished\":\"2025-08-21T18:37:30+00:00\",\"dateModified\":\"2025-08-27T21:28:23+00:00\",\"breadcrumb\":{\"@id\":\"https:\/\/powermediaservices.net\/cart\/#breadcrumb\"},\"inLanguage\":\"es\",\"potentialAction\":[{\"@type\":\"ReadAction\",\"target\":[\"https:\/\/powermediaservices.net\/cart\/\"]}]},{\"@type\":\"BreadcrumbList\",\"@id\":\"https:\/\/powermediaservices.net\/cart\/#breadcrumb\",\"itemListElement\":[{\"@type\":\"ListItem\",\"position\":1,\"name\":\"Home\",\"item\":\"https:\/\/powermediaservices.net\/\"},{\"@type\":\"ListItem\",\"position\":2,\"name\":\"Cart\"}]},{\"@type\":\"WebSite\",\"@id\":\"https:\/\/powermediaservices.net\/#website\",\"url\":\"https:\/\/powermediaservices.net\/\",\"name\":\"powermediaservices\",\"description\":\"\",\"publisher\":{\"@id\":\"https:\/\/powermediaservices.net\/#organization\"},\"potentialAction\":[{\"@type\":\"SearchAction\",\"target\":{\"@type\":\"EntryPoint\",\"urlTemplate\":\"https:\/\/powermediaservices.net\/?s={search_term_string}\"},\"query-input\":{\"@type\":\"PropertyValueSpecification\",\"valueRequired\":true,\"valueName\":\"search_term_string\"}}],\"inLanguage\":\"es\"},{\"@type\":\"Organization\",\"@id\":\"https:\/\/powermediaservices.net\/#organization\",\"name\":\"powermediaservices\",\"url\":\"https:\/\/powermediaservices.net\/\",\"logo\":{\"@type\":\"ImageObject\",\"inLanguage\":\"es\",\"@id\":\"https:\/\/powermediaservices.net\/#\/schema\/logo\/image\/\",\"url\":\"https:\/\/powermediaservices.net\/wp-content\/uploads\/2023\/11\/Logo-pms.png\",\"contentUrl\":\"https:\/\/powermediaservices.net\/wp-content\/uploads\/2023\/11\/Logo-pms.png\",\"width\":543,\"height\":262,\"caption\":\"powermediaservices\"},\"image\":{\"@id\":\"https:\/\/powermediaservices.net\/#\/schema\/logo\/image\/\"},\"sameAs\":[\"https:\/\/www.facebook.com\/PowerMediaandAssociates\",\"https:\/\/www.linkedin.com\/in\/ladd\/\",\"https:\/\/www.youtube.com\/@powermediaandassociates6586\"]}]}<\/script>\n<!-- \/ Yoast SEO plugin. -->","yoast_head_json":{"title":"Cart - powermediaservices","robots":{"index":"index","follow":"follow","max-snippet":"max-snippet:-1","max-image-preview":"max-image-preview:large","max-video-preview":"max-video-preview:-1"},"canonical":"https:\/\/powermediaservices.net\/es\/cart\/","og_locale":"es_MX","og_type":"article","og_title":"Cart - powermediaservices","og_url":"https:\/\/powermediaservices.net\/es\/cart\/","og_site_name":"powermediaservices","article_publisher":"https:\/\/www.facebook.com\/PowerMediaandAssociates","article_modified_time":"2025-08-27T21:28:23+00:00","twitter_card":"summary_large_image","twitter_misc":{"Tiempo de lectura":"1 minuto"},"schema":{"@context":"https:\/\/schema.org","@graph":[{"@type":"WebPage","@id":"https:\/\/powermediaservices.net\/cart\/","url":"https:\/\/powermediaservices.net\/cart\/","name":"Cart - powermediaservices","isPartOf":{"@id":"https:\/\/powermediaservices.net\/#website"},"datePublished":"2025-08-21T18:37:30+00:00","dateModified":"2025-08-27T21:28:23+00:00","breadcrumb":{"@id":"https:\/\/powermediaservices.net\/cart\/#breadcrumb"},"inLanguage":"es","potentialAction":[{"@type":"ReadAction","target":["https:\/\/powermediaservices.net\/cart\/"]}]},{"@type":"BreadcrumbList","@id":"https:\/\/powermediaservices.net\/cart\/#breadcrumb","itemListElement":[{"@type":"ListItem","position":1,"name":"Home","item":"https:\/\/powermediaservices.net\/"},{"@type":"ListItem","position":2,"name":"Cart"}]},{"@type":"WebSite","@id":"https:\/\/powermediaservices.net\/#website","url":"https:\/\/powermediaservices.net\/","name":"powermediaservices","description":"","publisher":{"@id":"https:\/\/powermediaservices.net\/#organization"},"potentialAction":[{"@type":"SearchAction","target":{"@type":"EntryPoint","urlTemplate":"https:\/\/powermediaservices.net\/?s={search_term_string}"},"query-input":{"@type":"PropertyValueSpecification","valueRequired":true,"valueName":"search_term_string"}}],"inLanguage":"es"},{"@type":"Organization","@id":"https:\/\/powermediaservices.net\/#organization","name":"powermediaservices","url":"https:\/\/powermediaservices.net\/","logo":{"@type":"ImageObject","inLanguage":"es","@id":"https:\/\/powermediaservices.net\/#\/schema\/logo\/image\/","url":"https:\/\/powermediaservices.net\/wp-content\/uploads\/2023\/11\/Logo-pms.png","contentUrl":"https:\/\/powermediaservices.net\/wp-content\/uploads\/2023\/11\/Logo-pms.png","width":543,"height":262,"caption":"powermediaservices"},"image":{"@id":"https:\/\/powermediaservices.net\/#\/schema\/logo\/image\/"},"sameAs":["https:\/\/www.facebook.com\/PowerMediaandAssociates","https:\/\/www.linkedin.com\/in\/ladd\/","https:\/\/www.youtube.com\/@powermediaandassociates6586"]}]}},"_links":{"self":[{"href":"https:\/\/powermediaservices.net\/es\/wp-json\/wp\/v2\/pages\/1437","targetHints":{"allow":["GET"]}}],"collection":[{"href":"https:\/\/powermediaservices.net\/es\/wp-json\/wp\/v2\/pages"}],"about":[{"href":"https:\/\/powermediaservices.net\/es\/wp-json\/wp\/v2\/types\/page"}],"author":[{"embeddable":true,"href":"https:\/\/powermediaservices.net\/es\/wp-json\/wp\/v2\/users\/1"}],"replies":[{"embeddable":true,"href":"https:\/\/powermediaservices.net\/es\/wp-json\/wp\/v2\/comments?post=1437"}],"version-history":[{"count":1,"href":"https:\/\/powermediaservices.net\/es\/wp-json\/wp\/v2\/pages\/1437\/revisions"}],"predecessor-version":[{"id":1451,"href":"https:\/\/powermediaservices.net\/es\/wp-json\/wp\/v2\/pages\/1437\/revisions\/1451"}],"wp:attachment":[{"href":"https:\/\/powermediaservices.net\/es\/wp-json\/wp\/v2\/media?parent=1437"}],"curies":[{"name":"wp","href":"https:\/\/api.w.org\/{rel}","templated":true}]}}